{"id":2684,"date":"2022-09-19T13:42:38","date_gmt":"2022-09-19T13:42:38","guid":{"rendered":"https:\/\/www.informatec.es\/kontakt\/"},"modified":"2022-09-24T20:24:22","modified_gmt":"2022-09-24T20:24:22","slug":"kontakt","status":"publish","type":"page","link":"https:\/\/www.informatec.es\/de\/kontakt\/","title":{"rendered":"Kontakt"},"content":{"rendered":"\t\t<div data-elementor-type=\"wp-page\" data-elementor-id=\"2684\" class=\"elementor elementor-2684 elementor-325\">\n\t\t\t\t\t\t<section class=\"elementor-section elementor-top-section elementor-element elementor-element-731811b elementor-section-boxed elementor-section-height-default elementor-section-height-default\" data-id=\"731811b\" data-element_type=\"section\" data-settings=\"{&quot;background_background&quot;:&quot;classic&quot;}\">\n\t\t\t\t\t\t\t<div class=\"elementor-background-overlay\"><\/div>\n\t\t\t\t\t\t\t<div class=\"elementor-container elementor-column-gap-no\">\n\t\t\t\t\t<div class=\"elementor-column elementor-col-100 elementor-top-column elementor-element elementor-element-59f1f67\" data-id=\"59f1f67\" data-element_type=\"column\">\n\t\t\t<div class=\"elementor-widget-wrap elementor-element-populated\">\n\t\t\t\t\t\t<div class=\"elementor-element elementor-element-01e43c5 elementor-widget elementor-widget-heading\" data-id=\"01e43c5\" data-element_type=\"widget\" data-widget_type=\"heading.default\">\n\t\t\t\t<div class=\"elementor-widget-container\">\n\t\t\t\t\t<h1 class=\"elementor-heading-title elementor-size-default\">Kontakt<\/h1>\t\t\t\t<\/div>\n\t\t\t\t<\/div>\n\t\t\t\t<div class=\"elementor-element elementor-element-4c1a4e2 elementor-widget elementor-widget-heading\" data-id=\"4c1a4e2\" data-element_type=\"widget\" data-widget_type=\"heading.default\">\n\t\t\t\t<div class=\"elementor-widget-container\">\n\t\t\t\t\t<div class=\"elementor-heading-title elementor-size-default\">Fordern Sie ein kostenloses und unverbindliches Beratungsgespr\u00e4ch an und erz\u00e4hlen Sie uns von Ihrem Projekt.<\/div>\t\t\t\t<\/div>\n\t\t\t\t<\/div>\n\t\t\t\t\t<\/div>\n\t\t<\/div>\n\t\t\t\t\t<\/div>\n\t\t<\/section>\n\t\t\t\t<section class=\"elementor-section elementor-top-section elementor-element elementor-element-b693d5e elementor-section-content-bottom elementor-section-boxed elementor-section-height-default elementor-section-height-default\" data-id=\"b693d5e\" data-element_type=\"section\">\n\t\t\t\t\t\t<div class=\"elementor-container elementor-column-gap-no\">\n\t\t\t\t\t<div class=\"elementor-column elementor-col-50 elementor-top-column elementor-element elementor-element-0139529\" data-id=\"0139529\" data-element_type=\"column\">\n\t\t\t<div class=\"elementor-widget-wrap elementor-element-populated\">\n\t\t\t\t\t\t<div class=\"elementor-element elementor-element-d54eb2c elementor-widget elementor-widget-heading\" data-id=\"d54eb2c\" data-element_type=\"widget\" data-widget_type=\"heading.default\">\n\t\t\t\t<div class=\"elementor-widget-container\">\n\t\t\t\t\t<h6 class=\"elementor-heading-title elementor-size-default\">WIR K\u00d6NNEN ES SICHERLICH REALISIEREN<\/h6>\t\t\t\t<\/div>\n\t\t\t\t<\/div>\n\t\t\t\t<div class=\"elementor-element elementor-element-3ff07bd elementor-widget elementor-widget-heading\" data-id=\"3ff07bd\" data-element_type=\"widget\" data-widget_type=\"heading.default\">\n\t\t\t\t<div class=\"elementor-widget-container\">\n\t\t\t\t\t<h2 class=\"elementor-heading-title elementor-size-default\">Z\u00f6gern Sie nicht<br>\nNehmen Sie mit uns Kontakt auf.<\/h2>\t\t\t\t<\/div>\n\t\t\t\t<\/div>\n\t\t\t\t<div class=\"elementor-element elementor-element-b85f569 elementor-widget-divider--view-line elementor-widget elementor-widget-divider\" data-id=\"b85f569\" data-element_type=\"widget\" data-widget_type=\"divider.default\">\n\t\t\t\t<div class=\"elementor-widget-container\">\n\t\t\t\t\t\t\t<div class=\"elementor-divider\">\n\t\t\t<span class=\"elementor-divider-separator\">\n\t\t\t\t\t\t<\/span>\n\t\t<\/div>\n\t\t\t\t\t\t<\/div>\n\t\t\t\t<\/div>\n\t\t\t\t<div class=\"elementor-element elementor-element-2ffabeb elementor-widget elementor-widget-text-editor\" data-id=\"2ffabeb\" data-element_type=\"widget\" data-widget_type=\"text-editor.default\">\n\t\t\t\t<div class=\"elementor-widget-container\">\n\t\t\t\t\t\t\t\t\t<p>W\u00e4hlen Sie das beste Formular, um uns zu kontaktieren. Sie k\u00f6nnen dies per Telefon (auf Englisch), per Whatsapp oder durch Eingabe Ihrer Kontaktdaten in das Formular tun, und wir werden uns mit Ihnen in Verbindung setzen.<\/p>\t\t\t\t\t\t\t\t<\/div>\n\t\t\t\t<\/div>\n\t\t\t\t<div class=\"elementor-element elementor-element-05e527c elementor-widget elementor-widget-button\" data-id=\"05e527c\" data-element_type=\"widget\" data-widget_type=\"button.default\">\n\t\t\t\t<div class=\"elementor-widget-container\">\n\t\t\t\t\t\t\t\t\t<div class=\"elementor-button-wrapper\">\n\t\t\t\t\t<a class=\"elementor-button elementor-button-link elementor-size-sm\" href=\"#contattaci\">\n\t\t\t\t\t\t<span class=\"elementor-button-content-wrapper\">\n\t\t\t\t\t\t<span class=\"elementor-button-icon\">\n\t\t\t\t<svg xmlns=\"http:\/\/www.w3.org\/2000\/svg\" viewBox=\"0 0 2048 2048\"><path d=\"M6.125 1088h1797.89l-402.976 403 89.994 90L2048 1024l-556.966-557-89.994 90 402.976 403H6.125v128z\"><\/path><\/svg>\t\t\t<\/span>\n\t\t\t\t\t\t\t\t\t<span class=\"elementor-button-text\">Schreiben Sie uns<\/span>\n\t\t\t\t\t<\/span>\n\t\t\t\t\t<\/a>\n\t\t\t\t<\/div>\n\t\t\t\t\t\t\t\t<\/div>\n\t\t\t\t<\/div>\n\t\t\t\t\t<\/div>\n\t\t<\/div>\n\t\t\t\t<div class=\"elementor-column elementor-col-50 elementor-top-column elementor-element elementor-element-ccd4bc4\" data-id=\"ccd4bc4\" data-element_type=\"column\">\n\t\t\t<div class=\"elementor-widget-wrap elementor-element-populated\">\n\t\t\t\t\t\t<div class=\"elementor-element elementor-element-ac67ecd elementor-position-left elementor-view-default elementor-mobile-position-top elementor-widget elementor-widget-icon-box\" data-id=\"ac67ecd\" data-element_type=\"widget\" data-widget_type=\"icon-box.default\">\n\t\t\t\t<div class=\"elementor-widget-container\">\n\t\t\t\t\t\t\t<div class=\"elementor-icon-box-wrapper\">\n\n\t\t\t\t\t\t<div class=\"elementor-icon-box-icon\">\n\t\t\t\t<span  class=\"elementor-icon\">\n\t\t\t\t<i aria-hidden=\"true\" class=\"fas fa-map-marker-alt\"><\/i>\t\t\t\t<\/span>\n\t\t\t<\/div>\n\t\t\t\n\t\t\t\t\t\t<div class=\"elementor-icon-box-content\">\n\n\t\t\t\t\t\t\t\t\t<h6 class=\"elementor-icon-box-title\">\n\t\t\t\t\t\t<span  >\n\t\t\t\t\t\t\tAdresse\t\t\t\t\t\t<\/span>\n\t\t\t\t\t<\/h6>\n\t\t\t\t\n\t\t\t\t\t\t\t\t\t<p class=\"elementor-icon-box-description\">\n\t\t\t\t\t\tApartado de Correos 22,<br>\n38631 Las Galletas<br>\nSanta Cruz de Tenerife -\nSpanien\t\t\t\t\t<\/p>\n\t\t\t\t\n\t\t\t<\/div>\n\t\t\t\n\t\t<\/div>\n\t\t\t\t\t\t<\/div>\n\t\t\t\t<\/div>\n\t\t\t\t<div class=\"elementor-element elementor-element-ecc209e elementor-position-left elementor-view-default elementor-mobile-position-top elementor-widget elementor-widget-icon-box\" data-id=\"ecc209e\" data-element_type=\"widget\" data-widget_type=\"icon-box.default\">\n\t\t\t\t<div class=\"elementor-widget-container\">\n\t\t\t\t\t\t\t<div class=\"elementor-icon-box-wrapper\">\n\n\t\t\t\t\t\t<div class=\"elementor-icon-box-icon\">\n\t\t\t\t<a href=\"tel:+34642607007\" class=\"elementor-icon\" tabindex=\"-1\" aria-label=\"TELEFON\">\n\t\t\t\t<i aria-hidden=\"true\" class=\"fas fa-phone\"><\/i>\t\t\t\t<\/a>\n\t\t\t<\/div>\n\t\t\t\n\t\t\t\t\t\t<div class=\"elementor-icon-box-content\">\n\n\t\t\t\t\t\t\t\t\t<h6 class=\"elementor-icon-box-title\">\n\t\t\t\t\t\t<a href=\"tel:+34642607007\" >\n\t\t\t\t\t\t\tTELEFON\t\t\t\t\t\t<\/a>\n\t\t\t\t\t<\/h6>\n\t\t\t\t\n\t\t\t\t\t\t\t\t\t<p class=\"elementor-icon-box-description\">\n\t\t\t\t\t\t(+34) 642 607 007\t\t\t\t\t<\/p>\n\t\t\t\t\n\t\t\t<\/div>\n\t\t\t\n\t\t<\/div>\n\t\t\t\t\t\t<\/div>\n\t\t\t\t<\/div>\n\t\t\t\t<div class=\"elementor-element elementor-element-c17d364 elementor-position-left elementor-view-default elementor-mobile-position-top elementor-widget elementor-widget-icon-box\" data-id=\"c17d364\" data-element_type=\"widget\" data-widget_type=\"icon-box.default\">\n\t\t\t\t<div class=\"elementor-widget-container\">\n\t\t\t\t\t\t\t<div class=\"elementor-icon-box-wrapper\">\n\n\t\t\t\t\t\t<div class=\"elementor-icon-box-icon\">\n\t\t\t\t<span  class=\"elementor-icon\">\n\t\t\t\t<i aria-hidden=\"true\" class=\"fas fa-fax\"><\/i>\t\t\t\t<\/span>\n\t\t\t<\/div>\n\t\t\t\n\t\t\t\t\t\t<div class=\"elementor-icon-box-content\">\n\n\t\t\t\t\t\t\t\t\t<h6 class=\"elementor-icon-box-title\">\n\t\t\t\t\t\t<span  >\n\t\t\t\t\t\t\tFAX\t\t\t\t\t\t<\/span>\n\t\t\t\t\t<\/h6>\n\t\t\t\t\n\t\t\t\t\t\t\t\t\t<p class=\"elementor-icon-box-description\">\n\t\t\t\t\t\t(+34) 822 184 759\t\t\t\t\t<\/p>\n\t\t\t\t\n\t\t\t<\/div>\n\t\t\t\n\t\t<\/div>\n\t\t\t\t\t\t<\/div>\n\t\t\t\t<\/div>\n\t\t\t\t<div class=\"elementor-element elementor-element-084a255 elementor-shape-circle e-grid-align-left elementor-grid-0 elementor-widget elementor-widget-social-icons\" data-id=\"084a255\" data-element_type=\"widget\" data-widget_type=\"social-icons.default\">\n\t\t\t\t<div class=\"elementor-widget-container\">\n\t\t\t\t\t\t\t<div class=\"elementor-social-icons-wrapper elementor-grid\" role=\"list\">\n\t\t\t\t\t\t\t<span class=\"elementor-grid-item\" role=\"listitem\">\n\t\t\t\t\t<a class=\"elementor-icon elementor-social-icon elementor-social-icon-whatsapp elementor-repeater-item-6332b5f\" href=\"https:\/\/api.whatsapp.com\/send?phone=34642607007\" target=\"_blank\">\n\t\t\t\t\t\t<span class=\"elementor-screen-only\">Whatsapp<\/span>\n\t\t\t\t\t\t<i aria-hidden=\"true\" class=\"fab fa-whatsapp\"><\/i>\t\t\t\t\t<\/a>\n\t\t\t\t<\/span>\n\t\t\t\t\t\t\t<span class=\"elementor-grid-item\" role=\"listitem\">\n\t\t\t\t\t<a class=\"elementor-icon elementor-social-icon elementor-social-icon-telegram elementor-repeater-item-086446f\" href=\"https:\/\/t.me\/informatec_es\" target=\"_blank\">\n\t\t\t\t\t\t<span class=\"elementor-screen-only\">Telegram<\/span>\n\t\t\t\t\t\t<i aria-hidden=\"true\" class=\"fab fa-telegram\"><\/i>\t\t\t\t\t<\/a>\n\t\t\t\t<\/span>\n\t\t\t\t\t\t\t<span class=\"elementor-grid-item\" role=\"listitem\">\n\t\t\t\t\t<a class=\"elementor-icon elementor-social-icon elementor-social-icon-youtube elementor-repeater-item-a2af792\" href=\"https:\/\/www.youtube.com\/channel\/UCpBgK5nvxzVt4ROzRXf176g\" target=\"_blank\">\n\t\t\t\t\t\t<span class=\"elementor-screen-only\">Youtube<\/span>\n\t\t\t\t\t\t<i aria-hidden=\"true\" class=\"fab fa-youtube\"><\/i>\t\t\t\t\t<\/a>\n\t\t\t\t<\/span>\n\t\t\t\t\t<\/div>\n\t\t\t\t\t\t<\/div>\n\t\t\t\t<\/div>\n\t\t\t\t\t<\/div>\n\t\t<\/div>\n\t\t\t\t\t<\/div>\n\t\t<\/section>\n\t\t\t\t<\/div>\n\t\t","protected":false},"excerpt":{"rendered":"<p>Kontakt Fordern Sie ein kostenloses und unverbindliches Beratungsgespr\u00e4ch an und erz\u00e4hlen Sie uns von Ihrem Projekt. WIR K\u00d6NNEN ES SICHERLICH REALISIEREN Z\u00f6gern Sie nicht Nehmen Sie mit uns Kontakt auf. W\u00e4hlen Sie das beste Formular, um uns zu kontaktieren. Sie k\u00f6nnen dies per Telefon (auf Englisch), per Whatsapp oder durch Eingabe Ihrer Kontaktdaten in das [&hellip;]<\/p>\n","protected":false},"author":2,"featured_media":0,"parent":0,"menu_order":0,"comment_status":"closed","ping_status":"closed","template":"","meta":{"site-sidebar-layout":"no-sidebar","site-content-layout":"page-builder","ast-site-content-layout":"default","site-content-style":"default","site-sidebar-style":"default","ast-global-header-display":"","ast-banner-title-visibility":"","ast-main-header-display":"","ast-hfb-above-header-display":"","ast-hfb-below-header-display":"","ast-hfb-mobile-header-display":"","site-post-title":"disabled","ast-breadcrumbs-content":"disabled","ast-featured-img":"disabled","footer-sml-layout":"","theme-transparent-header-meta":"enabled","adv-header-id-meta":"","stick-header-meta":"","header-above-stick-meta":"","header-main-stick-meta":"","header-below-stick-meta":"","astra-migrate-meta-layouts":"default","ast-page-background-enabled":"default","ast-page-background-meta":{"desktop":{"background-color":"","background-image":"","background-repeat":"repeat","background-position":"center center","background-size":"auto","background-attachment":"scroll","background-type":"","background-media":"","overlay-type":"","overlay-color":"","overlay-opacity":"","overlay-gradient":""},"tablet":{"background-color":"","background-image":"","background-repeat":"repeat","background-position":"center center","background-size":"auto","background-attachment":"scroll","background-type":"","background-media":"","overlay-type":"","overlay-color":"","overlay-opacity":"","overlay-gradient":""},"mobile":{"background-color":"","background-image":"","background-repeat":"repeat","background-position":"center center","background-size":"auto","background-attachment":"scroll","background-type":"","background-media":"","overlay-type":"","overlay-color":"","overlay-opacity":"","overlay-gradient":""}},"ast-content-background-meta":{"desktop":{"background-color":"var(--ast-global-color-4)","background-image":"","background-repeat":"repeat","background-position":"center center","background-size":"auto","background-attachment":"scroll","background-type":"","background-media":"","overlay-type":"","overlay-color":"","overlay-opacity":"","overlay-gradient":""},"tablet":{"background-color":"var(--ast-global-color-4)","background-image":"","background-repeat":"repeat","background-position":"center center","background-size":"auto","background-attachment":"scroll","background-type":"","background-media":"","overlay-type":"","overlay-color":"","overlay-opacity":"","overlay-gradient":""},"mobile":{"background-color":"var(--ast-global-color-4)","background-image":"","background-repeat":"repeat","background-position":"center center","background-size":"auto","background-attachment":"scroll","background-type":"","background-media":"","overlay-type":"","overlay-color":"","overlay-opacity":"","overlay-gradient":""}},"footnotes":""},"class_list":["post-2684","page","type-page","status-publish","hentry"],"yoast_head":"<!-- This site is optimized with the Yoast SEO plugin v26.0 - https:\/\/yoast.com\/wordpress\/plugins\/seo\/ -->\n<title>Kontakt - InformaTEC<\/title>\n<meta name=\"robots\" content=\"index, follow, max-snippet:-1, max-image-preview:large, max-video-preview:-1\" \/>\n<link rel=\"canonical\" href=\"https:\/\/www.informatec.es\/de\/kontakt\/\" \/>\n<meta property=\"og:locale\" content=\"de_DE\" \/>\n<meta property=\"og:type\" content=\"article\" \/>\n<meta property=\"og:title\" content=\"Kontakt - InformaTEC\" \/>\n<meta property=\"og:description\" content=\"Kontakt Fordern Sie ein kostenloses und unverbindliches Beratungsgespr\u00e4ch an und erz\u00e4hlen Sie uns von Ihrem Projekt. WIR K\u00d6NNEN ES SICHERLICH REALISIEREN Z\u00f6gern Sie nicht Nehmen Sie mit uns Kontakt auf. W\u00e4hlen Sie das beste Formular, um uns zu kontaktieren. Sie k\u00f6nnen dies per Telefon (auf Englisch), per Whatsapp oder durch Eingabe Ihrer Kontaktdaten in das [&hellip;]\" \/>\n<meta property=\"og:url\" content=\"https:\/\/www.informatec.es\/de\/kontakt\/\" \/>\n<meta property=\"og:site_name\" content=\"InformaTEC\" \/>\n<meta property=\"article:publisher\" content=\"https:\/\/www.facebook.com\/Informatec-111143611402381\" \/>\n<meta property=\"article:modified_time\" content=\"2022-09-24T20:24:22+00:00\" \/>\n<meta property=\"og:image\" content=\"https:\/\/www.informatec.es\/wp-content\/uploads\/2024\/05\/informatec_1200_675.png\" \/>\n\t<meta property=\"og:image:width\" content=\"1200\" \/>\n\t<meta property=\"og:image:height\" content=\"675\" \/>\n\t<meta property=\"og:image:type\" content=\"image\/png\" \/>\n<meta name=\"twitter:card\" content=\"summary_large_image\" \/>\n<meta name=\"twitter:label1\" content=\"Gesch\u00e4tzte Lesezeit\" \/>\n\t<meta name=\"twitter:data1\" content=\"1\u00a0Minute\" \/>\n<script type=\"application\/ld+json\" class=\"yoast-schema-graph\">{\"@context\":\"https:\/\/schema.org\",\"@graph\":[{\"@type\":\"WebPage\",\"@id\":\"https:\/\/www.informatec.es\/de\/kontakt\/\",\"url\":\"https:\/\/www.informatec.es\/de\/kontakt\/\",\"name\":\"Kontakt - InformaTEC\",\"isPartOf\":{\"@id\":\"https:\/\/www.informatec.es\/de\/#website\"},\"datePublished\":\"2022-09-19T13:42:38+00:00\",\"dateModified\":\"2022-09-24T20:24:22+00:00\",\"breadcrumb\":{\"@id\":\"https:\/\/www.informatec.es\/de\/kontakt\/#breadcrumb\"},\"inLanguage\":\"de\",\"potentialAction\":[{\"@type\":\"ReadAction\",\"target\":[\"https:\/\/www.informatec.es\/de\/kontakt\/\"]}]},{\"@type\":\"BreadcrumbList\",\"@id\":\"https:\/\/www.informatec.es\/de\/kontakt\/#breadcrumb\",\"itemListElement\":[{\"@type\":\"ListItem\",\"position\":1,\"name\":\"Home\",\"item\":\"https:\/\/www.informatec.es\/de\/informatec\/\"},{\"@type\":\"ListItem\",\"position\":2,\"name\":\"Kontakt\"}]},{\"@type\":\"WebSite\",\"@id\":\"https:\/\/www.informatec.es\/de\/#website\",\"url\":\"https:\/\/www.informatec.es\/de\/\",\"name\":\"Informatec Tenerife\",\"description\":\"Vive el futuro como protagonista\",\"publisher\":{\"@id\":\"https:\/\/www.informatec.es\/de\/#organization\"},\"potentialAction\":[{\"@type\":\"SearchAction\",\"target\":{\"@type\":\"EntryPoint\",\"urlTemplate\":\"https:\/\/www.informatec.es\/de\/?s={search_term_string}\"},\"query-input\":{\"@type\":\"PropertyValueSpecification\",\"valueRequired\":true,\"valueName\":\"search_term_string\"}}],\"inLanguage\":\"de\"},{\"@type\":\"Organization\",\"@id\":\"https:\/\/www.informatec.es\/de\/#organization\",\"name\":\"InformaTEC\",\"alternateName\":\"InformaTEC Tenerife\",\"url\":\"https:\/\/www.informatec.es\/de\/\",\"logo\":{\"@type\":\"ImageObject\",\"inLanguage\":\"de\",\"@id\":\"https:\/\/www.informatec.es\/de\/#\/schema\/logo\/image\/\",\"url\":\"https:\/\/www.informatec.es\/wp-content\/uploads\/2024\/05\/informatec_696_696.png\",\"contentUrl\":\"https:\/\/www.informatec.es\/wp-content\/uploads\/2024\/05\/informatec_696_696.png\",\"width\":696,\"height\":696,\"caption\":\"InformaTEC\"},\"image\":{\"@id\":\"https:\/\/www.informatec.es\/de\/#\/schema\/logo\/image\/\"},\"sameAs\":[\"https:\/\/www.facebook.com\/Informatec-111143611402381\",\"https:\/\/www.instagram.com\/informatec.tenerife\",\"https:\/\/www.youtube.com\/channel\/UCpBgK5nvxzVt4ROzRXf176g\"]}]}<\/script>\n<!-- \/ Yoast SEO plugin. -->","yoast_head_json":{"title":"Kontakt - InformaTEC","robots":{"index":"index","follow":"follow","max-snippet":"max-snippet:-1","max-image-preview":"max-image-preview:large","max-video-preview":"max-video-preview:-1"},"canonical":"https:\/\/www.informatec.es\/de\/kontakt\/","og_locale":"de_DE","og_type":"article","og_title":"Kontakt - InformaTEC","og_description":"Kontakt Fordern Sie ein kostenloses und unverbindliches Beratungsgespr\u00e4ch an und erz\u00e4hlen Sie uns von Ihrem Projekt. WIR K\u00d6NNEN ES SICHERLICH REALISIEREN Z\u00f6gern Sie nicht Nehmen Sie mit uns Kontakt auf. W\u00e4hlen Sie das beste Formular, um uns zu kontaktieren. Sie k\u00f6nnen dies per Telefon (auf Englisch), per Whatsapp oder durch Eingabe Ihrer Kontaktdaten in das [&hellip;]","og_url":"https:\/\/www.informatec.es\/de\/kontakt\/","og_site_name":"InformaTEC","article_publisher":"https:\/\/www.facebook.com\/Informatec-111143611402381","article_modified_time":"2022-09-24T20:24:22+00:00","og_image":[{"width":1200,"height":675,"url":"https:\/\/www.informatec.es\/wp-content\/uploads\/2024\/05\/informatec_1200_675.png","type":"image\/png"}],"twitter_card":"summary_large_image","twitter_misc":{"Gesch\u00e4tzte Lesezeit":"1\u00a0Minute"},"schema":{"@context":"https:\/\/schema.org","@graph":[{"@type":"WebPage","@id":"https:\/\/www.informatec.es\/de\/kontakt\/","url":"https:\/\/www.informatec.es\/de\/kontakt\/","name":"Kontakt - InformaTEC","isPartOf":{"@id":"https:\/\/www.informatec.es\/de\/#website"},"datePublished":"2022-09-19T13:42:38+00:00","dateModified":"2022-09-24T20:24:22+00:00","breadcrumb":{"@id":"https:\/\/www.informatec.es\/de\/kontakt\/#breadcrumb"},"inLanguage":"de","potentialAction":[{"@type":"ReadAction","target":["https:\/\/www.informatec.es\/de\/kontakt\/"]}]},{"@type":"BreadcrumbList","@id":"https:\/\/www.informatec.es\/de\/kontakt\/#breadcrumb","itemListElement":[{"@type":"ListItem","position":1,"name":"Home","item":"https:\/\/www.informatec.es\/de\/informatec\/"},{"@type":"ListItem","position":2,"name":"Kontakt"}]},{"@type":"WebSite","@id":"https:\/\/www.informatec.es\/de\/#website","url":"https:\/\/www.informatec.es\/de\/","name":"Informatec Tenerife","description":"Vive el futuro como protagonista","publisher":{"@id":"https:\/\/www.informatec.es\/de\/#organization"},"potentialAction":[{"@type":"SearchAction","target":{"@type":"EntryPoint","urlTemplate":"https:\/\/www.informatec.es\/de\/?s={search_term_string}"},"query-input":{"@type":"PropertyValueSpecification","valueRequired":true,"valueName":"search_term_string"}}],"inLanguage":"de"},{"@type":"Organization","@id":"https:\/\/www.informatec.es\/de\/#organization","name":"InformaTEC","alternateName":"InformaTEC Tenerife","url":"https:\/\/www.informatec.es\/de\/","logo":{"@type":"ImageObject","inLanguage":"de","@id":"https:\/\/www.informatec.es\/de\/#\/schema\/logo\/image\/","url":"https:\/\/www.informatec.es\/wp-content\/uploads\/2024\/05\/informatec_696_696.png","contentUrl":"https:\/\/www.informatec.es\/wp-content\/uploads\/2024\/05\/informatec_696_696.png","width":696,"height":696,"caption":"InformaTEC"},"image":{"@id":"https:\/\/www.informatec.es\/de\/#\/schema\/logo\/image\/"},"sameAs":["https:\/\/www.facebook.com\/Informatec-111143611402381","https:\/\/www.instagram.com\/informatec.tenerife","https:\/\/www.youtube.com\/channel\/UCpBgK5nvxzVt4ROzRXf176g"]}]}},"_links":{"self":[{"href":"https:\/\/www.informatec.es\/de\/wp-json\/wp\/v2\/pages\/2684","targetHints":{"allow":["GET"]}}],"collection":[{"href":"https:\/\/www.informatec.es\/de\/wp-json\/wp\/v2\/pages"}],"about":[{"href":"https:\/\/www.informatec.es\/de\/wp-json\/wp\/v2\/types\/page"}],"author":[{"embeddable":true,"href":"https:\/\/www.informatec.es\/de\/wp-json\/wp\/v2\/users\/2"}],"replies":[{"embeddable":true,"href":"https:\/\/www.informatec.es\/de\/wp-json\/wp\/v2\/comments?post=2684"}],"version-history":[{"count":3,"href":"https:\/\/www.informatec.es\/de\/wp-json\/wp\/v2\/pages\/2684\/revisions"}],"predecessor-version":[{"id":3049,"href":"https:\/\/www.informatec.es\/de\/wp-json\/wp\/v2\/pages\/2684\/revisions\/3049"}],"wp:attachment":[{"href":"https:\/\/www.informatec.es\/de\/wp-json\/wp\/v2\/media?parent=2684"}],"curies":[{"name":"wp","href":"https:\/\/api.w.org\/{rel}","templated":true}]}}