{"id":2891,"date":"2022-09-22T20:15:51","date_gmt":"2022-09-22T20:15:51","guid":{"rendered":"https:\/\/www.informatec.es\/datenschutzbestimmungen\/"},"modified":"2024-06-25T15:41:50","modified_gmt":"2024-06-25T15:41:50","slug":"datenschutzbestimmungen","status":"publish","type":"page","link":"https:\/\/www.informatec.es\/de\/datenschutzbestimmungen\/","title":{"rendered":"Datenschutzbestimmungen"},"content":{"rendered":"\t\t<div data-elementor-type=\"wp-page\" data-elementor-id=\"2891\" class=\"elementor elementor-2891 elementor-3\">\n\t\t\t\t\t\t<section class=\"elementor-section elementor-top-section elementor-element elementor-element-574d242e elementor-section-boxed elementor-section-height-default elementor-section-height-default\" data-id=\"574d242e\" data-element_type=\"section\">\n\t\t\t\t\t\t<div class=\"elementor-container elementor-column-gap-default\">\n\t\t\t\t\t<div class=\"elementor-column elementor-col-100 elementor-top-column elementor-element elementor-element-76c1a2cf\" data-id=\"76c1a2cf\" data-element_type=\"column\">\n\t\t\t<div class=\"elementor-widget-wrap elementor-element-populated\">\n\t\t\t\t\t\t<div class=\"elementor-element elementor-element-3eb73421 elementor-widget elementor-widget-text-editor\" data-id=\"3eb73421\" data-element_type=\"widget\" data-widget_type=\"text-editor.default\">\n\t\t\t\t<div class=\"elementor-widget-container\">\n\t\t\t\t\t\t\t\t\t<\/p>\n<h2>Datenschutzbestimmungen<\/h2>\n<\/p>\n<p><strong>Letzte \u00dcberarbeitung: 20. Juni 2024<\/strong><br \/>InformaTEC legt gro\u00dfen Wert auf die Privatsph\u00e4re der Benutzer. Daher sammeln und verwenden wir personenbezogene Daten nur, um auf Anfragen unserer Besucher zu reagieren, in voller \u00dcbereinstimmung mit dem Europ\u00e4ischen Datenschutzgesetz, bekannt als &#8222;DSGVO&#8220;.<\/p>\n<\/p>\n<h2>Welche sensiblen Daten wir sammeln<\/h2>\n<\/p>\n<p>\u00dcber das Kontaktformular auf dieser Website erhalten wir Ihren Vor- und Nachnamen, Ihre E-Mail-Adresse und Ihre Telefonnummer. Mit dem Absenden des Kontaktformulars erkl\u00e4ren Sie sich stillschweigend damit einverstanden, dass Ihre sensiblen Daten f\u00fcr die Bearbeitung der Vorg\u00e4nge verwendet werden, die f\u00fcr die Bereitstellung der angeforderten Informationen erforderlich sind.<\/p>\n<\/p>\n<h2>Wie wir Ihre sensiblen Daten verwenden<\/h2>\n<\/p>\n<p>Die Daten, die Sie uns \u00fcbermitteln, werden ausschlie\u00dflich zu dem Zweck verwendet, Ihnen eine schnelle Kontaktaufnahme zu erm\u00f6glichen und so besser pr\u00fcfen zu k\u00f6nnen, welche IT-L\u00f6sungen wir Ihnen entsprechend Ihren Bed\u00fcrfnissen vorschlagen k\u00f6nnen. Ihre Daten werden ausschlie\u00dflich zu diesem Zweck verarbeitet, und die Einsicht in diese Daten ist ausschlie\u00dflich den internen Mitarbeitern von InformaTEC vorbehalten. Ihre sensiblen Daten werden nicht an Dritte weitergegeben. Sollte die Informationsanfrage und die anschlie\u00dfende Antwort der InformaTEC-Mitarbeiter zur Anbahnung einer Gesch\u00e4ftsbeziehung f\u00fchren, werden Ihre sensiblen Daten in unsere interne Kundenverwaltungsdatenbank aufgenommen. Andernfalls werden die an InformaTEC \u00fcbermittelten sensiblen Daten nach 90 Kalendertagen vollst\u00e4ndig aus unseren digitalen Archiven entfernt, es sei denn, der Anfragende hat sich gleichzeitig mit der Informationsanfrage damit einverstanden erkl\u00e4rt, in Werbe-Newsletter aufgenommen zu werden, die wertvolle Informationen und Werbeangebote enthalten. <\/p>\n<\/p>\n<h2>Marketing<\/h2>\n<\/p>\n<p>InformaTEC respektiert Ihre Privatsph\u00e4re in vollem Umfang. Daten, die bei der Anforderung von Informationen eingegeben werden, werden NICHT automatisch in eine Datenbank f\u00fcr Marketing-\/Werbema\u00dfnahmen aufgenommen, es sei denn, der Anforderer der Informationen selbst bittet ausdr\u00fccklich um die Aufnahme.<\/p>\n<\/p>\n<h2>Cookies<\/h2>\n<\/p>\n<p>Die InformaTEC-Website verwendet die Cookie-Technologie ausschlie\u00dflich zum Zweck der Navigation auf der Website und zum Speichern der gew\u00e4hlten Spracheinstellungen auf Ihrem Ger\u00e4t. Durch die Verwendung solcher Cookies werden keine sensiblen Informationen gespeichert oder erfasst. <\/p>\n<\/p>\n<h2>Soziale Netzwerke und Whatsapp\/Telegramm-Kontakt<\/h2>\n<\/p>\n<p>Diese Seite hat einen direkten Link zu den sozialen Kan\u00e4len von InformaTEC und bietet die M\u00f6glichkeit, unseren Pre-Sales-Service \u00fcber spezielle Whatsapp- und Telegram-Kontakte zu kontaktieren. Da es sich hierbei um Websites und\/oder Kontaktm\u00f6glichkeiten handelt, die von Dritten zur Verf\u00fcgung gestellt werden, informieren wir Sie dar\u00fcber, dass diese sozialen Netzwerke und Instant-Messaging-Dienste nicht in die Zust\u00e4ndigkeit von InformaTEC fallen. F\u00fcr diese sozialen Kan\u00e4le und Kommunikationsdienste gelten daher die jeweiligen Datenschutzrichtlinien, die wir Ihnen gerne zur Verf\u00fcgung stellen.<\/p>\n<\/p>\n<h2>Recht auf Berichtigung und\/oder L\u00f6schung<\/h2>\n<\/p>\n<p>Wenn Sie zu irgendeinem Zeitpunkt das Gef\u00fchl haben, dass die von uns \u00fcber Sie gespeicherten sensiblen Daten berichtigt werden m\u00fcssen oder dass Sie nicht mehr m\u00f6chten, dass diese sensiblen Daten in den Systemen von InformaTEC gespeichert werden, haben Sie das Recht, dies zu verlangen. Wir bitten Sie, sich mit dem untenstehenden Formular an uns zu wenden. Einer unserer Mitarbeiter wird Ihre Anfrage gerne bearbeiten, nachdem er Ihre Identit\u00e4t \u00fcberpr\u00fcft hat. Bitte beachten Sie, dass die technische Bearbeitung eines Antrags auf Berichtigung oder L\u00f6schung bis zu 30 Kalendertage dauern kann.<\/p>\n<\/p>\n<h2>Haben Sie Fragen?<\/h2>\n<\/p>\n<p>Wir glauben, dass die folgende Datenschutzerkl\u00e4rung Sie angemessen dar\u00fcber informiert, wie wir mit den sensiblen Daten unserer Kunden umgehen. Sollten Sie weitere spezielle Fragen zum Datenschutz haben, wenden Sie sich bitte per E-Mail an die Adresse, die Sie im Abschnitt &#8218;Kontakt&#8216; auf dieser Website finden.<\/p><\/p>\n\t\t\t\t\t\t\t\t<\/div>\n\t\t\t\t<\/div>\n\t\t\t\t\t<\/div>\n\t\t<\/div>\n\t\t\t\t\t<\/div>\n\t\t<\/section>\n\t\t\t\t<\/div>\n\t\t","protected":false},"excerpt":{"rendered":"<p>Datenschutzbestimmungen Letzte \u00dcberarbeitung: 20. Juni 2024InformaTEC legt gro\u00dfen Wert auf die Privatsph\u00e4re der Benutzer. Daher sammeln und verwenden wir personenbezogene Daten nur, um auf Anfragen unserer Besucher zu reagieren, in voller \u00dcbereinstimmung mit dem Europ\u00e4ischen Datenschutzgesetz, bekannt als &#8222;DSGVO&#8220;. Welche sensiblen Daten wir sammeln \u00dcber das Kontaktformular auf dieser Website erhalten wir Ihren Vor- und [&hellip;]<\/p>\n","protected":false},"author":2,"featured_media":0,"parent":0,"menu_order":0,"comment_status":"closed","ping_status":"closed","template":"","meta":{"site-sidebar-layout":"default","site-content-layout":"default","ast-site-content-layout":"default","site-content-style":"default","site-sidebar-style":"default","ast-global-header-display":"","ast-banner-title-visibility":"","ast-main-header-display":"","ast-hfb-above-header-display":"","ast-hfb-below-header-display":"","ast-hfb-mobile-header-display":"","site-post-title":"","ast-breadcrumbs-content":"","ast-featured-img":"","footer-sml-layout":"","theme-transparent-header-meta":"default","adv-header-id-meta":"","stick-header-meta":"","header-above-stick-meta":"","header-main-stick-meta":"","header-below-stick-meta":"","astra-migrate-meta-layouts":"default","ast-page-background-enabled":"default","ast-page-background-meta":{"desktop":{"background-color":"","background-image":"","background-repeat":"repeat","background-position":"center center","background-size":"auto","background-attachment":"scroll","background-type":"","background-media":"","overlay-type":"","overlay-color":"","overlay-opacity":"","overlay-gradient":""},"tablet":{"background-color":"","background-image":"","background-repeat":"repeat","background-position":"center center","background-size":"auto","background-attachment":"scroll","background-type":"","background-media":"","overlay-type":"","overlay-color":"","overlay-opacity":"","overlay-gradient":""},"mobile":{"background-color":"","background-image":"","background-repeat":"repeat","background-position":"center center","background-size":"auto","background-attachment":"scroll","background-type":"","background-media":"","overlay-type":"","overlay-color":"","overlay-opacity":"","overlay-gradient":""}},"ast-content-background-meta":{"desktop":{"background-color":"var(--ast-global-color-4)","background-image":"","background-repeat":"repeat","background-position":"center center","background-size":"auto","background-attachment":"scroll","background-type":"","background-media":"","overlay-type":"","overlay-color":"","overlay-opacity":"","overlay-gradient":""},"tablet":{"background-color":"var(--ast-global-color-4)","background-image":"","background-repeat":"repeat","background-position":"center center","background-size":"auto","background-attachment":"scroll","background-type":"","background-media":"","overlay-type":"","overlay-color":"","overlay-opacity":"","overlay-gradient":""},"mobile":{"background-color":"var(--ast-global-color-4)","background-image":"","background-repeat":"repeat","background-position":"center center","background-size":"auto","background-attachment":"scroll","background-type":"","background-media":"","overlay-type":"","overlay-color":"","overlay-opacity":"","overlay-gradient":""}},"footnotes":""},"class_list":["post-2891","page","type-page","status-publish","hentry"],"yoast_head":"<!-- This site is optimized with the Yoast SEO plugin v26.0 - https:\/\/yoast.com\/wordpress\/plugins\/seo\/ -->\n<title>Datenschutzbestimmungen - InformaTEC<\/title>\n<meta name=\"description\" content=\"InformaTEC legt Wert auf Ihre Privatsph\u00e4re und verpflichtet sich, die Vertraulichkeit Ihrer sensiblen Daten in jeder Phase des Arbeitsprozesses zu wahren.\" \/>\n<meta name=\"robots\" content=\"index, follow, max-snippet:-1, max-image-preview:large, max-video-preview:-1\" \/>\n<link rel=\"canonical\" href=\"https:\/\/www.informatec.es\/de\/datenschutzbestimmungen\/\" \/>\n<meta property=\"og:locale\" content=\"de_DE\" \/>\n<meta property=\"og:type\" content=\"article\" \/>\n<meta property=\"og:title\" content=\"Datenschutzbestimmungen - InformaTEC\" \/>\n<meta property=\"og:description\" content=\"InformaTEC legt Wert auf Ihre Privatsph\u00e4re und verpflichtet sich, die Vertraulichkeit Ihrer sensiblen Daten in jeder Phase des Arbeitsprozesses zu wahren.\" \/>\n<meta property=\"og:url\" content=\"https:\/\/www.informatec.es\/de\/datenschutzbestimmungen\/\" \/>\n<meta property=\"og:site_name\" content=\"InformaTEC\" \/>\n<meta property=\"article:publisher\" content=\"https:\/\/www.facebook.com\/Informatec-111143611402381\" \/>\n<meta property=\"article:modified_time\" content=\"2024-06-25T15:41:50+00:00\" \/>\n<meta property=\"og:image\" content=\"https:\/\/www.informatec.es\/wp-content\/uploads\/2024\/05\/informatec_1200_675.png\" \/>\n\t<meta property=\"og:image:width\" content=\"1200\" \/>\n\t<meta property=\"og:image:height\" content=\"675\" \/>\n\t<meta property=\"og:image:type\" content=\"image\/png\" \/>\n<meta name=\"twitter:card\" content=\"summary_large_image\" \/>\n<meta name=\"twitter:label1\" content=\"Gesch\u00e4tzte Lesezeit\" \/>\n\t<meta name=\"twitter:data1\" content=\"3\u00a0Minuten\" \/>\n<script type=\"application\/ld+json\" class=\"yoast-schema-graph\">{\"@context\":\"https:\/\/schema.org\",\"@graph\":[{\"@type\":\"WebPage\",\"@id\":\"https:\/\/www.informatec.es\/de\/datenschutzbestimmungen\/\",\"url\":\"https:\/\/www.informatec.es\/de\/datenschutzbestimmungen\/\",\"name\":\"Datenschutzbestimmungen - InformaTEC\",\"isPartOf\":{\"@id\":\"https:\/\/www.informatec.es\/de\/#website\"},\"datePublished\":\"2022-09-22T20:15:51+00:00\",\"dateModified\":\"2024-06-25T15:41:50+00:00\",\"description\":\"InformaTEC legt Wert auf Ihre Privatsph\u00e4re und verpflichtet sich, die Vertraulichkeit Ihrer sensiblen Daten in jeder Phase des Arbeitsprozesses zu wahren.\",\"breadcrumb\":{\"@id\":\"https:\/\/www.informatec.es\/de\/datenschutzbestimmungen\/#breadcrumb\"},\"inLanguage\":\"de\",\"potentialAction\":[{\"@type\":\"ReadAction\",\"target\":[\"https:\/\/www.informatec.es\/de\/datenschutzbestimmungen\/\"]}]},{\"@type\":\"BreadcrumbList\",\"@id\":\"https:\/\/www.informatec.es\/de\/datenschutzbestimmungen\/#breadcrumb\",\"itemListElement\":[{\"@type\":\"ListItem\",\"position\":1,\"name\":\"Home\",\"item\":\"https:\/\/www.informatec.es\/de\/informatec\/\"},{\"@type\":\"ListItem\",\"position\":2,\"name\":\"Datenschutzbestimmungen\"}]},{\"@type\":\"WebSite\",\"@id\":\"https:\/\/www.informatec.es\/de\/#website\",\"url\":\"https:\/\/www.informatec.es\/de\/\",\"name\":\"Informatec Tenerife\",\"description\":\"Vive el futuro como protagonista\",\"publisher\":{\"@id\":\"https:\/\/www.informatec.es\/de\/#organization\"},\"potentialAction\":[{\"@type\":\"SearchAction\",\"target\":{\"@type\":\"EntryPoint\",\"urlTemplate\":\"https:\/\/www.informatec.es\/de\/?s={search_term_string}\"},\"query-input\":{\"@type\":\"PropertyValueSpecification\",\"valueRequired\":true,\"valueName\":\"search_term_string\"}}],\"inLanguage\":\"de\"},{\"@type\":\"Organization\",\"@id\":\"https:\/\/www.informatec.es\/de\/#organization\",\"name\":\"InformaTEC\",\"alternateName\":\"InformaTEC Tenerife\",\"url\":\"https:\/\/www.informatec.es\/de\/\",\"logo\":{\"@type\":\"ImageObject\",\"inLanguage\":\"de\",\"@id\":\"https:\/\/www.informatec.es\/de\/#\/schema\/logo\/image\/\",\"url\":\"https:\/\/www.informatec.es\/wp-content\/uploads\/2024\/05\/informatec_696_696.png\",\"contentUrl\":\"https:\/\/www.informatec.es\/wp-content\/uploads\/2024\/05\/informatec_696_696.png\",\"width\":696,\"height\":696,\"caption\":\"InformaTEC\"},\"image\":{\"@id\":\"https:\/\/www.informatec.es\/de\/#\/schema\/logo\/image\/\"},\"sameAs\":[\"https:\/\/www.facebook.com\/Informatec-111143611402381\",\"https:\/\/www.instagram.com\/informatec.tenerife\",\"https:\/\/www.youtube.com\/channel\/UCpBgK5nvxzVt4ROzRXf176g\"]}]}<\/script>\n<!-- \/ Yoast SEO plugin. -->","yoast_head_json":{"title":"Datenschutzbestimmungen - InformaTEC","description":"InformaTEC legt Wert auf Ihre Privatsph\u00e4re und verpflichtet sich, die Vertraulichkeit Ihrer sensiblen Daten in jeder Phase des Arbeitsprozesses zu wahren.","robots":{"index":"index","follow":"follow","max-snippet":"max-snippet:-1","max-image-preview":"max-image-preview:large","max-video-preview":"max-video-preview:-1"},"canonical":"https:\/\/www.informatec.es\/de\/datenschutzbestimmungen\/","og_locale":"de_DE","og_type":"article","og_title":"Datenschutzbestimmungen - InformaTEC","og_description":"InformaTEC legt Wert auf Ihre Privatsph\u00e4re und verpflichtet sich, die Vertraulichkeit Ihrer sensiblen Daten in jeder Phase des Arbeitsprozesses zu wahren.","og_url":"https:\/\/www.informatec.es\/de\/datenschutzbestimmungen\/","og_site_name":"InformaTEC","article_publisher":"https:\/\/www.facebook.com\/Informatec-111143611402381","article_modified_time":"2024-06-25T15:41:50+00:00","og_image":[{"width":1200,"height":675,"url":"https:\/\/www.informatec.es\/wp-content\/uploads\/2024\/05\/informatec_1200_675.png","type":"image\/png"}],"twitter_card":"summary_large_image","twitter_misc":{"Gesch\u00e4tzte Lesezeit":"3\u00a0Minuten"},"schema":{"@context":"https:\/\/schema.org","@graph":[{"@type":"WebPage","@id":"https:\/\/www.informatec.es\/de\/datenschutzbestimmungen\/","url":"https:\/\/www.informatec.es\/de\/datenschutzbestimmungen\/","name":"Datenschutzbestimmungen - InformaTEC","isPartOf":{"@id":"https:\/\/www.informatec.es\/de\/#website"},"datePublished":"2022-09-22T20:15:51+00:00","dateModified":"2024-06-25T15:41:50+00:00","description":"InformaTEC legt Wert auf Ihre Privatsph\u00e4re und verpflichtet sich, die Vertraulichkeit Ihrer sensiblen Daten in jeder Phase des Arbeitsprozesses zu wahren.","breadcrumb":{"@id":"https:\/\/www.informatec.es\/de\/datenschutzbestimmungen\/#breadcrumb"},"inLanguage":"de","potentialAction":[{"@type":"ReadAction","target":["https:\/\/www.informatec.es\/de\/datenschutzbestimmungen\/"]}]},{"@type":"BreadcrumbList","@id":"https:\/\/www.informatec.es\/de\/datenschutzbestimmungen\/#breadcrumb","itemListElement":[{"@type":"ListItem","position":1,"name":"Home","item":"https:\/\/www.informatec.es\/de\/informatec\/"},{"@type":"ListItem","position":2,"name":"Datenschutzbestimmungen"}]},{"@type":"WebSite","@id":"https:\/\/www.informatec.es\/de\/#website","url":"https:\/\/www.informatec.es\/de\/","name":"Informatec Tenerife","description":"Vive el futuro como protagonista","publisher":{"@id":"https:\/\/www.informatec.es\/de\/#organization"},"potentialAction":[{"@type":"SearchAction","target":{"@type":"EntryPoint","urlTemplate":"https:\/\/www.informatec.es\/de\/?s={search_term_string}"},"query-input":{"@type":"PropertyValueSpecification","valueRequired":true,"valueName":"search_term_string"}}],"inLanguage":"de"},{"@type":"Organization","@id":"https:\/\/www.informatec.es\/de\/#organization","name":"InformaTEC","alternateName":"InformaTEC Tenerife","url":"https:\/\/www.informatec.es\/de\/","logo":{"@type":"ImageObject","inLanguage":"de","@id":"https:\/\/www.informatec.es\/de\/#\/schema\/logo\/image\/","url":"https:\/\/www.informatec.es\/wp-content\/uploads\/2024\/05\/informatec_696_696.png","contentUrl":"https:\/\/www.informatec.es\/wp-content\/uploads\/2024\/05\/informatec_696_696.png","width":696,"height":696,"caption":"InformaTEC"},"image":{"@id":"https:\/\/www.informatec.es\/de\/#\/schema\/logo\/image\/"},"sameAs":["https:\/\/www.facebook.com\/Informatec-111143611402381","https:\/\/www.instagram.com\/informatec.tenerife","https:\/\/www.youtube.com\/channel\/UCpBgK5nvxzVt4ROzRXf176g"]}]}},"_links":{"self":[{"href":"https:\/\/www.informatec.es\/de\/wp-json\/wp\/v2\/pages\/2891","targetHints":{"allow":["GET"]}}],"collection":[{"href":"https:\/\/www.informatec.es\/de\/wp-json\/wp\/v2\/pages"}],"about":[{"href":"https:\/\/www.informatec.es\/de\/wp-json\/wp\/v2\/types\/page"}],"author":[{"embeddable":true,"href":"https:\/\/www.informatec.es\/de\/wp-json\/wp\/v2\/users\/2"}],"replies":[{"embeddable":true,"href":"https:\/\/www.informatec.es\/de\/wp-json\/wp\/v2\/comments?post=2891"}],"version-history":[{"count":2,"href":"https:\/\/www.informatec.es\/de\/wp-json\/wp\/v2\/pages\/2891\/revisions"}],"predecessor-version":[{"id":4229,"href":"https:\/\/www.informatec.es\/de\/wp-json\/wp\/v2\/pages\/2891\/revisions\/4229"}],"wp:attachment":[{"href":"https:\/\/www.informatec.es\/de\/wp-json\/wp\/v2\/media?parent=2891"}],"curies":[{"name":"wp","href":"https:\/\/api.w.org\/{rel}","templated":true}]}}