{"id":2482,"date":"2022-09-18T17:29:52","date_gmt":"2022-09-18T17:29:52","guid":{"rendered":"https:\/\/www.informatec.es\/politique-de-confidentialite\/"},"modified":"2024-06-25T13:32:28","modified_gmt":"2024-06-25T13:32:28","slug":"politique-de-confidentialite","status":"publish","type":"page","link":"https:\/\/www.informatec.es\/fr\/politique-de-confidentialite\/","title":{"rendered":"Politique de confidentialit\u00e9"},"content":{"rendered":"\t\t<div data-elementor-type=\"wp-page\" data-elementor-id=\"2482\" class=\"elementor elementor-2482 elementor-3\">\n\t\t\t\t\t\t<section class=\"elementor-section elementor-top-section elementor-element elementor-element-574d242e elementor-section-boxed elementor-section-height-default elementor-section-height-default\" data-id=\"574d242e\" data-element_type=\"section\">\n\t\t\t\t\t\t<div class=\"elementor-container elementor-column-gap-default\">\n\t\t\t\t\t<div class=\"elementor-column elementor-col-100 elementor-top-column elementor-element elementor-element-76c1a2cf\" data-id=\"76c1a2cf\" data-element_type=\"column\">\n\t\t\t<div class=\"elementor-widget-wrap elementor-element-populated\">\n\t\t\t\t\t\t<div class=\"elementor-element elementor-element-3eb73421 elementor-widget elementor-widget-text-editor\" data-id=\"3eb73421\" data-element_type=\"widget\" data-widget_type=\"text-editor.default\">\n\t\t\t\t<div class=\"elementor-widget-container\">\n\t\t\t\t\t\t\t\t\t<\/p>\n<h2>Politique de confidentialit\u00e9<\/h2>\n<\/p>\n<p><strong>Derni\u00e8re r\u00e9vision : 20 juin 2024<\/strong><br \/>InformaTEC se soucie sinc\u00e8rement de la confidentialit\u00e9 des utilisateurs. Par cons\u00e9quent, nous ne collectons et n&rsquo;utilisons les donn\u00e9es personnelles que pour r\u00e9pondre aux demandes de nos visiteurs, en parfaite conformit\u00e9 avec la loi europ\u00e9enne sur la protection des donn\u00e9es, dite \u00ab\u00a0RGPD\u00a0\u00bb.<\/p>\n<\/p>\n<h2>Les donn\u00e9es sensibles que nous collectons<\/h2>\n<\/p>\n<p>\u00c0 travers le formulaire de contact de ce site, nous recevons vos nom, pr\u00e9nom, adresse \u00e9lectronique et num\u00e9ro de t\u00e9l\u00e9phone. L&rsquo;envoi du formulaire de contact exprime votre consentement tacite \u00e0 ce que vos donn\u00e9es sensibles soient utilis\u00e9es pour le traitement des op\u00e9rations n\u00e9cessaires \u00e0 la fourniture des informations demand\u00e9es.<\/p>\n<\/p>\n<h2>Comment nous utilisons vos donn\u00e9es sensibles<\/h2>\n<\/p>\n<p>Les donn\u00e9es que vous nous transmettez sont utilis\u00e9es uniquement dans le but de pouvoir vous offrir un contact rapide et ainsi de pouvoir mieux examiner quelles solutions informatiques vous proposer en fonction de vos besoins. Vos donn\u00e9es seront trait\u00e9es exclusivement dans ce but et la visibilit\u00e9 de ces donn\u00e9es est r\u00e9serv\u00e9e uniquement au personnel interne d&rsquo;InformaTEC. Vos donn\u00e9es sensibles ne sont pas divulgu\u00e9es \u00e0 des tiers. Si la demande d&rsquo;information et la r\u00e9ponse ult\u00e9rieure du personnel d&rsquo;InformaTEC aboutit \u00e0 l&rsquo;\u00e9tablissement d&rsquo;une relation commerciale, vos donn\u00e9es sensibles seront alors int\u00e9gr\u00e9es dans notre base de donn\u00e9es interne de gestion des clients. Dans le cas contraire, apr\u00e8s 90 jours civils, si cette demande d&rsquo;information n&rsquo;aboutit pas \u00e0 l&rsquo;instauration d&rsquo;une relation commerciale entre InformaTEC et le demandeur d&rsquo;information, les donn\u00e9es sensibles transmises \u00e0 InformaTEC seront compl\u00e8tement supprim\u00e9es de nos archives num\u00e9riques, \u00e0 moins que le demandeur d&rsquo;information n&rsquo;ait, en m\u00eame temps que la demande d&rsquo;information, exprim\u00e9 son consentement \u00e0 \u00eatre inclus dans des bulletins d&rsquo;information promotionnels envoyant des informations pr\u00e9cieuses et des offres promotionnelles. <\/p>\n<\/p>\n<h2>Marketing<\/h2>\n<\/p>\n<p>InformaTEC respecte pleinement votre confidentialit\u00e9. Les donn\u00e9es saisies lors d&rsquo;une demande d&rsquo;information ne seront PAS automatiquement saisies dans une base de donn\u00e9es d&rsquo;activit\u00e9s marketing\/promotionnelles, \u00e0 moins que le demandeur d&rsquo;information lui-m\u00eame ne demande express\u00e9ment \u00e0 \u00eatre inscrit.<\/p>\n<\/p>\n<h2>Cookies<\/h2>\n<\/p>\n<p>Le site Web d&rsquo;InformaTEC utilise la technologie des cookies dans le seul but de naviguer sur le site et de sauvegarder les pr\u00e9f\u00e9rences linguistiques s\u00e9lectionn\u00e9es sur votre propre appareil Aucune information sensible n&rsquo;est enregistr\u00e9e ou saisie de quelque mani\u00e8re que ce soit par l&rsquo;utilisation de ces cookies. <\/p>\n<\/p>\n<h2>R\u00e9seaux sociaux et contact Whatsapp\/Telegram<\/h2>\n<\/p>\n<p>Ce site dispose d&rsquo;un lien direct vers les canaux sociaux d&rsquo;InformaTEC, et g\u00e9n\u00e8re la possibilit\u00e9 de contacter notre service avant-vente via les contacts d\u00e9di\u00e9s Whatsapp et Telegram. S&rsquo;agissant de sites et\/ou de moyens de contact fournis par des tiers, nous vous informons que ces r\u00e9seaux sociaux et services de messagerie instantan\u00e9e ne rel\u00e8vent pas de la comp\u00e9tence d&rsquo;InformaTEC en mati\u00e8re de confidentialit\u00e9. Ces canaux sociaux et services de communication sont donc r\u00e9gis individuellement par leurs politiques de confidentialit\u00e9 respectives, que nous vous invitons \u00e0 consulter.<\/p>\n<\/p>\n<h2>Droit de rectification et\/ou de suppression<\/h2>\n<\/p>\n<p>Si, \u00e0 tout moment, vous estimez que vous devez rectifier les donn\u00e9es sensibles que nous d\u00e9tenons \u00e0 votre sujet ou que vous ne souhaitez plus que ces donn\u00e9es sensibles soient m\u00e9moris\u00e9es dans les syst\u00e8mes d&rsquo;InformaTEC, vous avez le droit de le demander. Nous vous demandons de nous contacter en utilisant le formulaire ci-dessous, et l&rsquo;un de nos responsables se fera un plaisir de r\u00e9pondre \u00e0 votre besoin, apr\u00e8s avoir v\u00e9rifi\u00e9 votre identit\u00e9. Veuillez garder \u00e0 l&rsquo;esprit que le temps technique n\u00e9cessaire pour traiter une demande de rectification ou de suppression peut prendre jusqu&rsquo;\u00e0 30 jours civils.<\/p>\n<\/p>\n<h2>Questions?<\/h2>\n<\/p>\n<p>Nous pensons que la politique de confidentialit\u00e9 suivante vous informe correctement sur la mani\u00e8re dont nous traitons les donn\u00e9es sensibles de nos clients. Si vous avez d&rsquo;autres questions sp\u00e9cifiques li\u00e9es \u00e0 la protection de la vie priv\u00e9e, veuillez nous contacter par courrier \u00e0 l&rsquo;adresse indiqu\u00e9e dans la section \u00ab\u00a0Contact\u00a0\u00bb de ce site.<\/p><\/p>\n\t\t\t\t\t\t\t\t<\/div>\n\t\t\t\t<\/div>\n\t\t\t\t\t<\/div>\n\t\t<\/div>\n\t\t\t\t\t<\/div>\n\t\t<\/section>\n\t\t\t\t<\/div>\n\t\t","protected":false},"excerpt":{"rendered":"<p>Politique de confidentialit\u00e9 Derni\u00e8re r\u00e9vision : 20 juin 2024InformaTEC se soucie sinc\u00e8rement de la confidentialit\u00e9 des utilisateurs. Par cons\u00e9quent, nous ne collectons et n&rsquo;utilisons les donn\u00e9es personnelles que pour r\u00e9pondre aux demandes de nos visiteurs, en parfaite conformit\u00e9 avec la loi europ\u00e9enne sur la protection des donn\u00e9es, dite \u00ab\u00a0RGPD\u00a0\u00bb. Les donn\u00e9es sensibles que nous collectons [&hellip;]<\/p>\n","protected":false},"author":2,"featured_media":0,"parent":0,"menu_order":0,"comment_status":"closed","ping_status":"closed","template":"","meta":{"site-sidebar-layout":"default","site-content-layout":"default","ast-site-content-layout":"default","site-content-style":"default","site-sidebar-style":"default","ast-global-header-display":"","ast-banner-title-visibility":"","ast-main-header-display":"","ast-hfb-above-header-display":"","ast-hfb-below-header-display":"","ast-hfb-mobile-header-display":"","site-post-title":"","ast-breadcrumbs-content":"","ast-featured-img":"","footer-sml-layout":"","theme-transparent-header-meta":"default","adv-header-id-meta":"","stick-header-meta":"","header-above-stick-meta":"","header-main-stick-meta":"","header-below-stick-meta":"","astra-migrate-meta-layouts":"default","ast-page-background-enabled":"default","ast-page-background-meta":{"desktop":{"background-color":"","background-image":"","background-repeat":"repeat","background-position":"center center","background-size":"auto","background-attachment":"scroll","background-type":"","background-media":"","overlay-type":"","overlay-color":"","overlay-opacity":"","overlay-gradient":""},"tablet":{"background-color":"","background-image":"","background-repeat":"repeat","background-position":"center center","background-size":"auto","background-attachment":"scroll","background-type":"","background-media":"","overlay-type":"","overlay-color":"","overlay-opacity":"","overlay-gradient":""},"mobile":{"background-color":"","background-image":"","background-repeat":"repeat","background-position":"center center","background-size":"auto","background-attachment":"scroll","background-type":"","background-media":"","overlay-type":"","overlay-color":"","overlay-opacity":"","overlay-gradient":""}},"ast-content-background-meta":{"desktop":{"background-color":"var(--ast-global-color-4)","background-image":"","background-repeat":"repeat","background-position":"center center","background-size":"auto","background-attachment":"scroll","background-type":"","background-media":"","overlay-type":"","overlay-color":"","overlay-opacity":"","overlay-gradient":""},"tablet":{"background-color":"var(--ast-global-color-4)","background-image":"","background-repeat":"repeat","background-position":"center center","background-size":"auto","background-attachment":"scroll","background-type":"","background-media":"","overlay-type":"","overlay-color":"","overlay-opacity":"","overlay-gradient":""},"mobile":{"background-color":"var(--ast-global-color-4)","background-image":"","background-repeat":"repeat","background-position":"center center","background-size":"auto","background-attachment":"scroll","background-type":"","background-media":"","overlay-type":"","overlay-color":"","overlay-opacity":"","overlay-gradient":""}},"footnotes":""},"class_list":["post-2482","page","type-page","status-publish","hentry"],"yoast_head":"<!-- This site is optimized with the Yoast SEO plugin v26.0 - https:\/\/yoast.com\/wordpress\/plugins\/seo\/ -->\n<title>Politique de confidentialit\u00e9 - InformaTEC<\/title>\n<meta name=\"description\" content=\"Si vous avez d&#039;autres questions sp\u00e9cifiques li\u00e9es \u00e0 la protection de la vie priv\u00e9e, veuillez nous contacter par courrier \u00e0 l&#039;adresse indiqu\u00e9e dans la section &quot;Contact&quot; de ce site.\" \/>\n<meta name=\"robots\" content=\"index, follow, max-snippet:-1, max-image-preview:large, max-video-preview:-1\" \/>\n<link rel=\"canonical\" href=\"https:\/\/www.informatec.es\/fr\/politique-de-confidentialite\/\" \/>\n<meta property=\"og:locale\" content=\"fr_FR\" \/>\n<meta property=\"og:type\" content=\"article\" \/>\n<meta property=\"og:title\" content=\"Politique de confidentialit\u00e9 - InformaTEC\" \/>\n<meta property=\"og:description\" content=\"Si vous avez d&#039;autres questions sp\u00e9cifiques li\u00e9es \u00e0 la protection de la vie priv\u00e9e, veuillez nous contacter par courrier \u00e0 l&#039;adresse indiqu\u00e9e dans la section &quot;Contact&quot; de ce site.\" \/>\n<meta property=\"og:url\" content=\"https:\/\/www.informatec.es\/fr\/politique-de-confidentialite\/\" \/>\n<meta property=\"og:site_name\" content=\"InformaTEC\" \/>\n<meta property=\"article:publisher\" content=\"https:\/\/www.facebook.com\/Informatec-111143611402381\" \/>\n<meta property=\"article:modified_time\" content=\"2024-06-25T13:32:28+00:00\" \/>\n<meta property=\"og:image\" content=\"https:\/\/www.informatec.es\/wp-content\/uploads\/2024\/05\/informatec_1200_675.png\" \/>\n\t<meta property=\"og:image:width\" content=\"1200\" \/>\n\t<meta property=\"og:image:height\" content=\"675\" \/>\n\t<meta property=\"og:image:type\" content=\"image\/png\" \/>\n<meta name=\"twitter:card\" content=\"summary_large_image\" \/>\n<meta name=\"twitter:label1\" content=\"Dur\u00e9e de lecture estim\u00e9e\" \/>\n\t<meta name=\"twitter:data1\" content=\"3 minutes\" \/>\n<script type=\"application\/ld+json\" class=\"yoast-schema-graph\">{\"@context\":\"https:\/\/schema.org\",\"@graph\":[{\"@type\":\"WebPage\",\"@id\":\"https:\/\/www.informatec.es\/fr\/politique-de-confidentialite\/\",\"url\":\"https:\/\/www.informatec.es\/fr\/politique-de-confidentialite\/\",\"name\":\"Politique de confidentialit\u00e9 - InformaTEC\",\"isPartOf\":{\"@id\":\"https:\/\/www.informatec.es\/fr\/#website\"},\"datePublished\":\"2022-09-18T17:29:52+00:00\",\"dateModified\":\"2024-06-25T13:32:28+00:00\",\"description\":\"Si vous avez d'autres questions sp\u00e9cifiques li\u00e9es \u00e0 la protection de la vie priv\u00e9e, veuillez nous contacter par courrier \u00e0 l'adresse indiqu\u00e9e dans la section \\\"Contact\\\" de ce site.\",\"breadcrumb\":{\"@id\":\"https:\/\/www.informatec.es\/fr\/politique-de-confidentialite\/#breadcrumb\"},\"inLanguage\":\"fr-FR\",\"potentialAction\":[{\"@type\":\"ReadAction\",\"target\":[\"https:\/\/www.informatec.es\/fr\/politique-de-confidentialite\/\"]}]},{\"@type\":\"BreadcrumbList\",\"@id\":\"https:\/\/www.informatec.es\/fr\/politique-de-confidentialite\/#breadcrumb\",\"itemListElement\":[{\"@type\":\"ListItem\",\"position\":1,\"name\":\"Home\",\"item\":\"https:\/\/www.informatec.es\/fr\/informatec\/\"},{\"@type\":\"ListItem\",\"position\":2,\"name\":\"Politique de confidentialit\u00e9\"}]},{\"@type\":\"WebSite\",\"@id\":\"https:\/\/www.informatec.es\/fr\/#website\",\"url\":\"https:\/\/www.informatec.es\/fr\/\",\"name\":\"Informatec Tenerife\",\"description\":\"Vive el futuro como protagonista\",\"publisher\":{\"@id\":\"https:\/\/www.informatec.es\/fr\/#organization\"},\"potentialAction\":[{\"@type\":\"SearchAction\",\"target\":{\"@type\":\"EntryPoint\",\"urlTemplate\":\"https:\/\/www.informatec.es\/fr\/?s={search_term_string}\"},\"query-input\":{\"@type\":\"PropertyValueSpecification\",\"valueRequired\":true,\"valueName\":\"search_term_string\"}}],\"inLanguage\":\"fr-FR\"},{\"@type\":\"Organization\",\"@id\":\"https:\/\/www.informatec.es\/fr\/#organization\",\"name\":\"InformaTEC\",\"alternateName\":\"InformaTEC Tenerife\",\"url\":\"https:\/\/www.informatec.es\/fr\/\",\"logo\":{\"@type\":\"ImageObject\",\"inLanguage\":\"fr-FR\",\"@id\":\"https:\/\/www.informatec.es\/fr\/#\/schema\/logo\/image\/\",\"url\":\"https:\/\/www.informatec.es\/wp-content\/uploads\/2024\/05\/informatec_696_696.png\",\"contentUrl\":\"https:\/\/www.informatec.es\/wp-content\/uploads\/2024\/05\/informatec_696_696.png\",\"width\":696,\"height\":696,\"caption\":\"InformaTEC\"},\"image\":{\"@id\":\"https:\/\/www.informatec.es\/fr\/#\/schema\/logo\/image\/\"},\"sameAs\":[\"https:\/\/www.facebook.com\/Informatec-111143611402381\",\"https:\/\/www.instagram.com\/informatec.tenerife\",\"https:\/\/www.youtube.com\/channel\/UCpBgK5nvxzVt4ROzRXf176g\"]}]}<\/script>\n<!-- \/ Yoast SEO plugin. -->","yoast_head_json":{"title":"Politique de confidentialit\u00e9 - InformaTEC","description":"Si vous avez d'autres questions sp\u00e9cifiques li\u00e9es \u00e0 la protection de la vie priv\u00e9e, veuillez nous contacter par courrier \u00e0 l'adresse indiqu\u00e9e dans la section \"Contact\" de ce site.","robots":{"index":"index","follow":"follow","max-snippet":"max-snippet:-1","max-image-preview":"max-image-preview:large","max-video-preview":"max-video-preview:-1"},"canonical":"https:\/\/www.informatec.es\/fr\/politique-de-confidentialite\/","og_locale":"fr_FR","og_type":"article","og_title":"Politique de confidentialit\u00e9 - InformaTEC","og_description":"Si vous avez d'autres questions sp\u00e9cifiques li\u00e9es \u00e0 la protection de la vie priv\u00e9e, veuillez nous contacter par courrier \u00e0 l'adresse indiqu\u00e9e dans la section \"Contact\" de ce site.","og_url":"https:\/\/www.informatec.es\/fr\/politique-de-confidentialite\/","og_site_name":"InformaTEC","article_publisher":"https:\/\/www.facebook.com\/Informatec-111143611402381","article_modified_time":"2024-06-25T13:32:28+00:00","og_image":[{"width":1200,"height":675,"url":"https:\/\/www.informatec.es\/wp-content\/uploads\/2024\/05\/informatec_1200_675.png","type":"image\/png"}],"twitter_card":"summary_large_image","twitter_misc":{"Dur\u00e9e de lecture estim\u00e9e":"3 minutes"},"schema":{"@context":"https:\/\/schema.org","@graph":[{"@type":"WebPage","@id":"https:\/\/www.informatec.es\/fr\/politique-de-confidentialite\/","url":"https:\/\/www.informatec.es\/fr\/politique-de-confidentialite\/","name":"Politique de confidentialit\u00e9 - InformaTEC","isPartOf":{"@id":"https:\/\/www.informatec.es\/fr\/#website"},"datePublished":"2022-09-18T17:29:52+00:00","dateModified":"2024-06-25T13:32:28+00:00","description":"Si vous avez d'autres questions sp\u00e9cifiques li\u00e9es \u00e0 la protection de la vie priv\u00e9e, veuillez nous contacter par courrier \u00e0 l'adresse indiqu\u00e9e dans la section \"Contact\" de ce site.","breadcrumb":{"@id":"https:\/\/www.informatec.es\/fr\/politique-de-confidentialite\/#breadcrumb"},"inLanguage":"fr-FR","potentialAction":[{"@type":"ReadAction","target":["https:\/\/www.informatec.es\/fr\/politique-de-confidentialite\/"]}]},{"@type":"BreadcrumbList","@id":"https:\/\/www.informatec.es\/fr\/politique-de-confidentialite\/#breadcrumb","itemListElement":[{"@type":"ListItem","position":1,"name":"Home","item":"https:\/\/www.informatec.es\/fr\/informatec\/"},{"@type":"ListItem","position":2,"name":"Politique de confidentialit\u00e9"}]},{"@type":"WebSite","@id":"https:\/\/www.informatec.es\/fr\/#website","url":"https:\/\/www.informatec.es\/fr\/","name":"Informatec Tenerife","description":"Vive el futuro como protagonista","publisher":{"@id":"https:\/\/www.informatec.es\/fr\/#organization"},"potentialAction":[{"@type":"SearchAction","target":{"@type":"EntryPoint","urlTemplate":"https:\/\/www.informatec.es\/fr\/?s={search_term_string}"},"query-input":{"@type":"PropertyValueSpecification","valueRequired":true,"valueName":"search_term_string"}}],"inLanguage":"fr-FR"},{"@type":"Organization","@id":"https:\/\/www.informatec.es\/fr\/#organization","name":"InformaTEC","alternateName":"InformaTEC Tenerife","url":"https:\/\/www.informatec.es\/fr\/","logo":{"@type":"ImageObject","inLanguage":"fr-FR","@id":"https:\/\/www.informatec.es\/fr\/#\/schema\/logo\/image\/","url":"https:\/\/www.informatec.es\/wp-content\/uploads\/2024\/05\/informatec_696_696.png","contentUrl":"https:\/\/www.informatec.es\/wp-content\/uploads\/2024\/05\/informatec_696_696.png","width":696,"height":696,"caption":"InformaTEC"},"image":{"@id":"https:\/\/www.informatec.es\/fr\/#\/schema\/logo\/image\/"},"sameAs":["https:\/\/www.facebook.com\/Informatec-111143611402381","https:\/\/www.instagram.com\/informatec.tenerife","https:\/\/www.youtube.com\/channel\/UCpBgK5nvxzVt4ROzRXf176g"]}]}},"_links":{"self":[{"href":"https:\/\/www.informatec.es\/fr\/wp-json\/wp\/v2\/pages\/2482","targetHints":{"allow":["GET"]}}],"collection":[{"href":"https:\/\/www.informatec.es\/fr\/wp-json\/wp\/v2\/pages"}],"about":[{"href":"https:\/\/www.informatec.es\/fr\/wp-json\/wp\/v2\/types\/page"}],"author":[{"embeddable":true,"href":"https:\/\/www.informatec.es\/fr\/wp-json\/wp\/v2\/users\/2"}],"replies":[{"embeddable":true,"href":"https:\/\/www.informatec.es\/fr\/wp-json\/wp\/v2\/comments?post=2482"}],"version-history":[{"count":2,"href":"https:\/\/www.informatec.es\/fr\/wp-json\/wp\/v2\/pages\/2482\/revisions"}],"predecessor-version":[{"id":4225,"href":"https:\/\/www.informatec.es\/fr\/wp-json\/wp\/v2\/pages\/2482\/revisions\/4225"}],"wp:attachment":[{"href":"https:\/\/www.informatec.es\/fr\/wp-json\/wp\/v2\/media?parent=2482"}],"curies":[{"name":"wp","href":"https:\/\/api.w.org\/{rel}","templated":true}]}}