{"id":3,"date":"2021-11-04T17:20:26","date_gmt":"2021-11-04T17:20:26","guid":{"rendered":"https:\/\/www.informatec.es\/?page_id=3"},"modified":"2024-06-19T21:16:36","modified_gmt":"2024-06-19T21:16:36","slug":"privacy-policy","status":"publish","type":"page","link":"https:\/\/www.informatec.es\/it\/privacy-policy\/","title":{"rendered":"Privacy Policy"},"content":{"rendered":"\t\t<div data-elementor-type=\"wp-page\" data-elementor-id=\"3\" class=\"elementor elementor-3\">\n\t\t\t\t\t\t<section class=\"elementor-section elementor-top-section elementor-element elementor-element-574d242e elementor-section-boxed elementor-section-height-default elementor-section-height-default\" data-id=\"574d242e\" data-element_type=\"section\">\n\t\t\t\t\t\t<div class=\"elementor-container elementor-column-gap-default\">\n\t\t\t\t\t<div class=\"elementor-column elementor-col-100 elementor-top-column elementor-element elementor-element-76c1a2cf\" data-id=\"76c1a2cf\" data-element_type=\"column\">\n\t\t\t<div class=\"elementor-widget-wrap elementor-element-populated\">\n\t\t\t\t\t\t<div class=\"elementor-element elementor-element-3eb73421 elementor-widget elementor-widget-text-editor\" data-id=\"3eb73421\" data-element_type=\"widget\" data-widget_type=\"text-editor.default\">\n\t\t\t\t<div class=\"elementor-widget-container\">\n\t\t\t\t\t\t\t\t\t<p>\u00a0<\/p><h2>Informativa Privacy<\/h2><p>\u00a0<\/p><p><strong>Ultima revisione: 20 Giugno 2024<\/strong><br \/>InformaTEC si preoccupa realmente della privacy dell\u2019utente. Per questo motivo, raccogliamo e utilizziamo i dati personali unicamente per rispondere a richieste da parte dei nostri visitatori in piena conformit\u00e0 con la Legge Europea per la Tutela della Privacy, conosciuta come &#8220;GDPR&#8221;.<\/p><p>\u00a0<\/p><h2>Quali dati sensibili raccogliamo<\/h2><p>\u00a0<\/p><p>Tramite il modulo di contatto presente su questo sito, riceviamo il tuo nome, cognome, indirizzo email, e numero di telefono. L&#8217;invio del modulo di contatto esprime un tacito consenso a che i tuoi dati sensibili vengano utilizzati per il disbrigo delle operazioni necessarie a fornire l&#8217;informazione richiesta.<\/p><p>\u00a0<\/p><h2>Come utilizziamo i tuoi dati sensibili<\/h2><p>\u00a0<\/p><p>I dati da te inviatici vengono utilizzati unicamente al fine di poter offrire un ricontatto rapido e poter quindi meglio esaminare quale soluzioni informatiche proporti in base alle tue esigenze. I tuoi dati saranno trattati esclusivamente per tale finalit\u00e0 e la visibilit\u00e0 di tali dati \u00e8 riservata unicamente allo staff interno di InformaTEC. I tuoi dati sensibili non vengono comunicati a nessuna terza parte. Qualora la richiesta di informazioni, successiva risposta da parte dello staff di InformaTEC dovesse risultare nell&#8217;avvio di un rapporto commerciale, i tuoi dati sensibili saranno quindi integrati nel nostro database interno di gestione dei clienti. In caso contrario, trascorsi 90 giorni di calendario qualora tale richiesta di informazioni non dovesse risultare nell&#8217;inizio di un rapporto commerciale fra InformaTEC e il richiedente informazioni qualunque dato sensibile trasmesso a InformaTEC sar\u00e0 rimosso completamente dai nostri archivi digitali, a meno che il richiedente informazioni non abbia, contemporaneamente alla richiesta di informazioni, espresso il suo consenso di essere inserito in newsletter promozionali di invio di informazioni di valore ed offerte promozionali.\u00a0<\/p><p>\u00a0<\/p><h2>Marketing<\/h2><p>\u00a0<\/p><p>InformaTEC ha pieno rispetto della tua privacy. I dati inseriti al momento di richiesta informazioni NON saranno automaticamente inseriti in alcun database di attivit\u00e0 marketing\/promozionale a meno che non sia lo stesso richiedente informazioni a richiedere specificamente di essere inserito.<\/p><p>\u00a0<\/p><h2>Cookie<\/h2><p>\u00a0<\/p><p>Il sito web di InformaTEC utilizza la tecnologia cookie al solo scopo di navigazione del sito e di salvare sul tuo proprio device di navigazione le preferenze di lingua selezionata. Non vengono salvate n\u00e9 carpite informazioni sensibili in alcun modo attraverso l&#8217;utilizzo di tali cookie.\u00a0<\/p><p>\u00a0<\/p><h2>Reti social e contatto Whatsapp\/Telegram<\/h2><p>\u00a0<\/p><p>Questo sito ha un collegamento diretto ai canali social di InformaTEC, nonch\u00e9 genera la possibilit\u00e0 di contattare il nostro servizio prevendita attraverso contatto Whatsapp e Telegram dedicato. Trattandosi di siti e\/o mezzi di contatto forniti da terze parti, ti comunichiamo che tali reti social e servizi di messaggeria istantanea esulano dalle competenze di privacy di InformaTEC. Tali canali social e servizi di comunicazione sono quindi regolati individualmente dalle loro rispettive policy sulla privacy, che ti invitiamo a consultare.<\/p><p>\u00a0<\/p><h2>Diritto di rettifica e\/o cancellazione<\/h2><p>\u00a0<\/p><p>Se in qualsiasi istante dovessi ritenere di dover rettificare i tuoi dati sensibili in nostro possesso oppure di non volere pi\u00f9 che tali dati sensibili siano conservati nei sistemi di InformaTEC, \u00e8 tuo diritto richiederlo. Ti chiediamo cortesemente di volerci contattare tramite il modulo in calce,\u00a0 e un nostro incaricato sar\u00e0 lieto di accogliere la tua richiesta, dopo aver verificato la tua identit\u00e0. Ti preghiamo di tenere in conto che i tempi tecnici di gestione della richiesta di rettifica o cancellazione pu\u00f2 richiedere fino a 30 giorni di calendario.<\/p><p>\u00a0<\/p><h2>Domande?<\/h2><p>\u00a0<\/p><p>Riteniamo che la seguente informativa sulla privacy ti informi a dovere su come gestiamo i dati sensibili dei nostri clienti. Qualora dovessi avere ulteriori domande specifiche inerenti la privacy, ti preghiamo di volerci contattare a mezzo posta all&#8217;indirizzo riportato alla sezione &#8220;Contatti&#8221; di questo sito.<\/p><p>\u00a0<\/p>\t\t\t\t\t\t\t\t<\/div>\n\t\t\t\t<\/div>\n\t\t\t\t\t<\/div>\n\t\t<\/div>\n\t\t\t\t\t<\/div>\n\t\t<\/section>\n\t\t\t\t<\/div>\n\t\t","protected":false},"excerpt":{"rendered":"<p>\u00a0 Informativa Privacy \u00a0 Ultima revisione: 20 Giugno 2024InformaTEC si preoccupa realmente della privacy dell\u2019utente. Per questo motivo, raccogliamo e utilizziamo i dati personali unicamente per rispondere a richieste da parte dei nostri visitatori in piena conformit\u00e0 con la Legge Europea per la Tutela della Privacy, conosciuta come &#8220;GDPR&#8221;. \u00a0 Quali dati sensibili raccogliamo \u00a0 [&hellip;]<\/p>\n","protected":false},"author":2,"featured_media":0,"parent":0,"menu_order":0,"comment_status":"closed","ping_status":"closed","template":"","meta":{"site-sidebar-layout":"default","site-content-layout":"default","ast-site-content-layout":"default","site-content-style":"default","site-sidebar-style":"default","ast-global-header-display":"","ast-banner-title-visibility":"","ast-main-header-display":"","ast-hfb-above-header-display":"","ast-hfb-below-header-display":"","ast-hfb-mobile-header-display":"","site-post-title":"","ast-breadcrumbs-content":"","ast-featured-img":"","footer-sml-layout":"","theme-transparent-header-meta":"default","adv-header-id-meta":"","stick-header-meta":"","header-above-stick-meta":"","header-main-stick-meta":"","header-below-stick-meta":"","astra-migrate-meta-layouts":"default","ast-page-background-enabled":"default","ast-page-background-meta":{"desktop":{"background-color":"","background-image":"","background-repeat":"repeat","background-position":"center center","background-size":"auto","background-attachment":"scroll","background-type":"","background-media":"","overlay-type":"","overlay-color":"","overlay-opacity":"","overlay-gradient":""},"tablet":{"background-color":"","background-image":"","background-repeat":"repeat","background-position":"center center","background-size":"auto","background-attachment":"scroll","background-type":"","background-media":"","overlay-type":"","overlay-color":"","overlay-opacity":"","overlay-gradient":""},"mobile":{"background-color":"","background-image":"","background-repeat":"repeat","background-position":"center center","background-size":"auto","background-attachment":"scroll","background-type":"","background-media":"","overlay-type":"","overlay-color":"","overlay-opacity":"","overlay-gradient":""}},"ast-content-background-meta":{"desktop":{"background-color":"var(--ast-global-color-4)","background-image":"","background-repeat":"repeat","background-position":"center center","background-size":"auto","background-attachment":"scroll","background-type":"","background-media":"","overlay-type":"","overlay-color":"","overlay-opacity":"","overlay-gradient":""},"tablet":{"background-color":"var(--ast-global-color-4)","background-image":"","background-repeat":"repeat","background-position":"center center","background-size":"auto","background-attachment":"scroll","background-type":"","background-media":"","overlay-type":"","overlay-color":"","overlay-opacity":"","overlay-gradient":""},"mobile":{"background-color":"var(--ast-global-color-4)","background-image":"","background-repeat":"repeat","background-position":"center center","background-size":"auto","background-attachment":"scroll","background-type":"","background-media":"","overlay-type":"","overlay-color":"","overlay-opacity":"","overlay-gradient":""}},"footnotes":""},"class_list":["post-3","page","type-page","status-publish","hentry"],"yoast_head":"<!-- This site is optimized with the Yoast SEO plugin v26.0 - https:\/\/yoast.com\/wordpress\/plugins\/seo\/ -->\n<title>Privacy Policy - InformaTEC<\/title>\n<meta name=\"description\" content=\"InformaTEC ha a cuore la tua privacy, e si impegna a rispettare la confidenzialit\u00e0 dei tuoi dati sensibili in ogni fase del processo lavorativo.\" \/>\n<meta name=\"robots\" content=\"index, follow, max-snippet:-1, max-image-preview:large, max-video-preview:-1\" \/>\n<link rel=\"canonical\" href=\"https:\/\/www.informatec.es\/it\/privacy-policy\/\" \/>\n<meta property=\"og:locale\" content=\"it_IT\" \/>\n<meta property=\"og:type\" content=\"article\" \/>\n<meta property=\"og:title\" content=\"Privacy Policy - InformaTEC\" \/>\n<meta property=\"og:description\" content=\"InformaTEC ha a cuore la tua privacy, e si impegna a rispettare la confidenzialit\u00e0 dei tuoi dati sensibili in ogni fase del processo lavorativo.\" \/>\n<meta property=\"og:url\" content=\"https:\/\/www.informatec.es\/it\/privacy-policy\/\" \/>\n<meta property=\"og:site_name\" content=\"InformaTEC\" \/>\n<meta property=\"article:publisher\" content=\"https:\/\/www.facebook.com\/Informatec-111143611402381\" \/>\n<meta property=\"article:modified_time\" content=\"2024-06-19T21:16:36+00:00\" \/>\n<meta property=\"og:image\" content=\"https:\/\/www.informatec.es\/wp-content\/uploads\/2024\/05\/informatec_1200_675.png\" \/>\n\t<meta property=\"og:image:width\" content=\"1200\" \/>\n\t<meta property=\"og:image:height\" content=\"675\" \/>\n\t<meta property=\"og:image:type\" content=\"image\/png\" \/>\n<meta name=\"twitter:card\" content=\"summary_large_image\" \/>\n<meta name=\"twitter:label1\" content=\"Tempo di lettura stimato\" \/>\n\t<meta name=\"twitter:data1\" content=\"4 minuti\" \/>\n<script type=\"application\/ld+json\" class=\"yoast-schema-graph\">{\"@context\":\"https:\/\/schema.org\",\"@graph\":[{\"@type\":\"WebPage\",\"@id\":\"https:\/\/www.informatec.es\/it\/privacy-policy\/\",\"url\":\"https:\/\/www.informatec.es\/it\/privacy-policy\/\",\"name\":\"Privacy Policy - InformaTEC\",\"isPartOf\":{\"@id\":\"https:\/\/www.informatec.es\/it\/#website\"},\"datePublished\":\"2021-11-04T17:20:26+00:00\",\"dateModified\":\"2024-06-19T21:16:36+00:00\",\"description\":\"InformaTEC ha a cuore la tua privacy, e si impegna a rispettare la confidenzialit\u00e0 dei tuoi dati sensibili in ogni fase del processo lavorativo.\",\"breadcrumb\":{\"@id\":\"https:\/\/www.informatec.es\/it\/privacy-policy\/#breadcrumb\"},\"inLanguage\":\"it-IT\",\"potentialAction\":[{\"@type\":\"ReadAction\",\"target\":[\"https:\/\/www.informatec.es\/it\/privacy-policy\/\"]}]},{\"@type\":\"BreadcrumbList\",\"@id\":\"https:\/\/www.informatec.es\/it\/privacy-policy\/#breadcrumb\",\"itemListElement\":[{\"@type\":\"ListItem\",\"position\":1,\"name\":\"Home\",\"item\":\"https:\/\/www.informatec.es\/it\/\"},{\"@type\":\"ListItem\",\"position\":2,\"name\":\"Privacy Policy\"}]},{\"@type\":\"WebSite\",\"@id\":\"https:\/\/www.informatec.es\/it\/#website\",\"url\":\"https:\/\/www.informatec.es\/it\/\",\"name\":\"Informatec Tenerife\",\"description\":\"Vive el futuro como protagonista\",\"publisher\":{\"@id\":\"https:\/\/www.informatec.es\/it\/#organization\"},\"potentialAction\":[{\"@type\":\"SearchAction\",\"target\":{\"@type\":\"EntryPoint\",\"urlTemplate\":\"https:\/\/www.informatec.es\/it\/?s={search_term_string}\"},\"query-input\":{\"@type\":\"PropertyValueSpecification\",\"valueRequired\":true,\"valueName\":\"search_term_string\"}}],\"inLanguage\":\"it-IT\"},{\"@type\":\"Organization\",\"@id\":\"https:\/\/www.informatec.es\/it\/#organization\",\"name\":\"InformaTEC\",\"alternateName\":\"InformaTEC Tenerife\",\"url\":\"https:\/\/www.informatec.es\/it\/\",\"logo\":{\"@type\":\"ImageObject\",\"inLanguage\":\"it-IT\",\"@id\":\"https:\/\/www.informatec.es\/it\/#\/schema\/logo\/image\/\",\"url\":\"https:\/\/www.informatec.es\/wp-content\/uploads\/2024\/05\/informatec_696_696.png\",\"contentUrl\":\"https:\/\/www.informatec.es\/wp-content\/uploads\/2024\/05\/informatec_696_696.png\",\"width\":696,\"height\":696,\"caption\":\"InformaTEC\"},\"image\":{\"@id\":\"https:\/\/www.informatec.es\/it\/#\/schema\/logo\/image\/\"},\"sameAs\":[\"https:\/\/www.facebook.com\/Informatec-111143611402381\",\"https:\/\/www.instagram.com\/informatec.tenerife\",\"https:\/\/www.youtube.com\/channel\/UCpBgK5nvxzVt4ROzRXf176g\"]}]}<\/script>\n<!-- \/ Yoast SEO plugin. -->","yoast_head_json":{"title":"Privacy Policy - InformaTEC","description":"InformaTEC ha a cuore la tua privacy, e si impegna a rispettare la confidenzialit\u00e0 dei tuoi dati sensibili in ogni fase del processo lavorativo.","robots":{"index":"index","follow":"follow","max-snippet":"max-snippet:-1","max-image-preview":"max-image-preview:large","max-video-preview":"max-video-preview:-1"},"canonical":"https:\/\/www.informatec.es\/it\/privacy-policy\/","og_locale":"it_IT","og_type":"article","og_title":"Privacy Policy - InformaTEC","og_description":"InformaTEC ha a cuore la tua privacy, e si impegna a rispettare la confidenzialit\u00e0 dei tuoi dati sensibili in ogni fase del processo lavorativo.","og_url":"https:\/\/www.informatec.es\/it\/privacy-policy\/","og_site_name":"InformaTEC","article_publisher":"https:\/\/www.facebook.com\/Informatec-111143611402381","article_modified_time":"2024-06-19T21:16:36+00:00","og_image":[{"width":1200,"height":675,"url":"https:\/\/www.informatec.es\/wp-content\/uploads\/2024\/05\/informatec_1200_675.png","type":"image\/png"}],"twitter_card":"summary_large_image","twitter_misc":{"Tempo di lettura stimato":"4 minuti"},"schema":{"@context":"https:\/\/schema.org","@graph":[{"@type":"WebPage","@id":"https:\/\/www.informatec.es\/it\/privacy-policy\/","url":"https:\/\/www.informatec.es\/it\/privacy-policy\/","name":"Privacy Policy - InformaTEC","isPartOf":{"@id":"https:\/\/www.informatec.es\/it\/#website"},"datePublished":"2021-11-04T17:20:26+00:00","dateModified":"2024-06-19T21:16:36+00:00","description":"InformaTEC ha a cuore la tua privacy, e si impegna a rispettare la confidenzialit\u00e0 dei tuoi dati sensibili in ogni fase del processo lavorativo.","breadcrumb":{"@id":"https:\/\/www.informatec.es\/it\/privacy-policy\/#breadcrumb"},"inLanguage":"it-IT","potentialAction":[{"@type":"ReadAction","target":["https:\/\/www.informatec.es\/it\/privacy-policy\/"]}]},{"@type":"BreadcrumbList","@id":"https:\/\/www.informatec.es\/it\/privacy-policy\/#breadcrumb","itemListElement":[{"@type":"ListItem","position":1,"name":"Home","item":"https:\/\/www.informatec.es\/it\/"},{"@type":"ListItem","position":2,"name":"Privacy Policy"}]},{"@type":"WebSite","@id":"https:\/\/www.informatec.es\/it\/#website","url":"https:\/\/www.informatec.es\/it\/","name":"Informatec Tenerife","description":"Vive el futuro como protagonista","publisher":{"@id":"https:\/\/www.informatec.es\/it\/#organization"},"potentialAction":[{"@type":"SearchAction","target":{"@type":"EntryPoint","urlTemplate":"https:\/\/www.informatec.es\/it\/?s={search_term_string}"},"query-input":{"@type":"PropertyValueSpecification","valueRequired":true,"valueName":"search_term_string"}}],"inLanguage":"it-IT"},{"@type":"Organization","@id":"https:\/\/www.informatec.es\/it\/#organization","name":"InformaTEC","alternateName":"InformaTEC Tenerife","url":"https:\/\/www.informatec.es\/it\/","logo":{"@type":"ImageObject","inLanguage":"it-IT","@id":"https:\/\/www.informatec.es\/it\/#\/schema\/logo\/image\/","url":"https:\/\/www.informatec.es\/wp-content\/uploads\/2024\/05\/informatec_696_696.png","contentUrl":"https:\/\/www.informatec.es\/wp-content\/uploads\/2024\/05\/informatec_696_696.png","width":696,"height":696,"caption":"InformaTEC"},"image":{"@id":"https:\/\/www.informatec.es\/it\/#\/schema\/logo\/image\/"},"sameAs":["https:\/\/www.facebook.com\/Informatec-111143611402381","https:\/\/www.instagram.com\/informatec.tenerife","https:\/\/www.youtube.com\/channel\/UCpBgK5nvxzVt4ROzRXf176g"]}]}},"_links":{"self":[{"href":"https:\/\/www.informatec.es\/it\/wp-json\/wp\/v2\/pages\/3","targetHints":{"allow":["GET"]}}],"collection":[{"href":"https:\/\/www.informatec.es\/it\/wp-json\/wp\/v2\/pages"}],"about":[{"href":"https:\/\/www.informatec.es\/it\/wp-json\/wp\/v2\/types\/page"}],"author":[{"embeddable":true,"href":"https:\/\/www.informatec.es\/it\/wp-json\/wp\/v2\/users\/2"}],"replies":[{"embeddable":true,"href":"https:\/\/www.informatec.es\/it\/wp-json\/wp\/v2\/comments?post=3"}],"version-history":[{"count":12,"href":"https:\/\/www.informatec.es\/it\/wp-json\/wp\/v2\/pages\/3\/revisions"}],"predecessor-version":[{"id":4161,"href":"https:\/\/www.informatec.es\/it\/wp-json\/wp\/v2\/pages\/3\/revisions\/4161"}],"wp:attachment":[{"href":"https:\/\/www.informatec.es\/it\/wp-json\/wp\/v2\/media?parent=3"}],"curies":[{"name":"wp","href":"https:\/\/api.w.org\/{rel}","templated":true}]}}