{"id":2889,"date":"2022-09-22T20:15:15","date_gmt":"2022-09-22T20:15:15","guid":{"rendered":"https:\/\/www.informatec.es\/politica-de-privacidade\/"},"modified":"2024-06-25T15:48:45","modified_gmt":"2024-06-25T15:48:45","slug":"politica-de-privacidade","status":"publish","type":"page","link":"https:\/\/www.informatec.es\/pt-br\/politica-de-privacidade\/","title":{"rendered":"Pol\u00edtica de Privacidade"},"content":{"rendered":"\t\t<div data-elementor-type=\"wp-page\" data-elementor-id=\"2889\" class=\"elementor elementor-2889 elementor-3\">\n\t\t\t\t\t\t<section class=\"elementor-section elementor-top-section elementor-element elementor-element-574d242e elementor-section-boxed elementor-section-height-default elementor-section-height-default\" data-id=\"574d242e\" data-element_type=\"section\">\n\t\t\t\t\t\t<div class=\"elementor-container elementor-column-gap-default\">\n\t\t\t\t\t<div class=\"elementor-column elementor-col-100 elementor-top-column elementor-element elementor-element-76c1a2cf\" data-id=\"76c1a2cf\" data-element_type=\"column\">\n\t\t\t<div class=\"elementor-widget-wrap elementor-element-populated\">\n\t\t\t\t\t\t<div class=\"elementor-element elementor-element-3eb73421 elementor-widget elementor-widget-text-editor\" data-id=\"3eb73421\" data-element_type=\"widget\" data-widget_type=\"text-editor.default\">\n\t\t\t\t<div class=\"elementor-widget-container\">\n\t\t\t\t\t\t\t\t\t<\/p>\n<h2>Pol\u00edtica de Privacidade<\/h2>\n<\/p>\n<p><strong>\u00daltima revis\u00e3o: 20 de junho de 2024<\/strong><br \/>InformaTEC se preocupa genuinamente com a privacidade do usu\u00e1rio. Portanto, s\u00f3 coletamos e utilizamos dados pessoais para responder \u00e0s solicita\u00e7\u00f5es de nossos visitantes em total conformidade com a Lei Europ\u00e9ia de Prote\u00e7\u00e3o de Dados, conhecida como &#8220;RGPD&#8221;.<\/p>\n<\/p>\n<h2>Que dados sens\u00edveis coletamos<\/h2>\n<\/p>\n<p>Atrav\u00e9s do formul\u00e1rio de contacto neste s\u00edtio, recebemos o seu nome, apelido, endere\u00e7o electr\u00f3nico, e n\u00famero de telefone. O envio do formul\u00e1rio de contacto expressa o seu consentimento t\u00e1cito para que os seus dados sens\u00edveis sejam utilizados para o processamento das opera\u00e7\u00f5es necess\u00e1rias para fornecer as informa\u00e7\u00f5es solicitadas.<\/p>\n<\/p>\n<h2>Como usamos seus dados sens\u00edveis<\/h2>\n<\/p>\n<p>Os dados que voc\u00ea nos envia s\u00e3o utilizados unicamente com a finalidade de poder lhe oferecer um contato r\u00e1pido e assim poder examinar melhor quais solu\u00e7\u00f5es de TI propor-lhe de acordo com suas necessidades. Seus dados ser\u00e3o processados exclusivamente para este fim e a visibilidade destes dados \u00e9 reservada exclusivamente para o pessoal interno da InformaTEC. Seus dados sens\u00edveis n\u00e3o s\u00e3o revelados a terceiros. Caso a solicita\u00e7\u00e3o de informa\u00e7\u00f5es, uma resposta posterior da equipe InformaTEC resulte no in\u00edcio de uma rela\u00e7\u00e3o comercial, seus dados sens\u00edveis ser\u00e3o ent\u00e3o integrados ao nosso banco de dados interno de gerenciamento de clientes. Em caso contr\u00e1rio, ap\u00f3s 90 dias corridos, se tal solicita\u00e7\u00e3o de informa\u00e7\u00f5es n\u00e3o gerar o in\u00edcio de uma rela\u00e7\u00e3o comercial entre a InformaTEC e o solicitante de informa\u00e7\u00f5es, todos os dados confidenciais transmitidos \u00e0 InformaTEC ser\u00e3o completamente eliminados de nossos arquivos digitais, a menos que o solicitante de informa\u00e7\u00f5es tenha, no mesmo momento da solicita\u00e7\u00e3o de informa\u00e7\u00f5es, manifestado seu consentimento para ser inclu\u00eddo em boletins promocionais, enviando informa\u00e7\u00f5es valiosas e ofertas promocionais. <\/p>\n<\/p>\n<h2>Marketing<\/h2>\n<\/p>\n<p>InformaTEC tem total respeito por sua privacidade. Os dados inseridos ao solicitar informa\u00e7\u00f5es N\u00c3O ser\u00e3o inseridos automaticamente em nenhum banco de dados de atividades de marketing\/promocionais, a menos que o pr\u00f3prio solicitante solicite especificamente a inser\u00e7\u00e3o das informa\u00e7\u00f5es.<\/p>\n<\/p>\n<h2>Cookies<\/h2>\n<\/p>\n<p>O site InformaTEC utiliza a tecnologia de cookies com o \u00fanico prop\u00f3sito de navegar no site e salvar as prefer\u00eancias de idioma selecionadas em seu pr\u00f3prio dispositivo. Nenhuma informa\u00e7\u00e3o sens\u00edvel \u00e9 guardada ou capturada de forma alguma por meio do uso de tais cookies. <\/p>\n<\/p>\n<h2>Redes sociais e contato Whatsapp\/Telegram<\/h2>\n<\/p>\n<p>Este site tem um link direto aos canais sociais do InformaTEC, al\u00e9m de gerar a possibilidade de entrar em contato com nosso servi\u00e7o de pr\u00e9-venda atrav\u00e9s do Whatsapp e do telegrama de contato dedicado. Como estes s\u00e3o sites e\/ou meios de contato fornecidos por terceiros, informamos que estas redes sociais e servi\u00e7os de mensagens instant\u00e2neas est\u00e3o fora da compet\u00eancia de privacidade da InformaTEC. Estes canais sociais e servi\u00e7os de comunica\u00e7\u00e3o s\u00e3o, portanto, regidos individualmente por suas respectivas pol\u00edticas de privacidade, as quais convidamos voc\u00ea a consultar.<\/p>\n<\/p>\n<h2>Direito de retifica\u00e7\u00e3o e\/ou cancelamento<\/h2>\n<\/p>\n<p>Se a qualquer momento voc\u00ea sentir que precisa retificar os dados sens\u00edveis que temos sobre voc\u00ea ou que n\u00e3o quer mais que tais dados sens\u00edveis sejam armazenados nos sistemas da InformaTEC, \u00e9 seu direito solicitar isto. Pedimos que nos contate usando o formul\u00e1rio abaixo, e um de nossos operadores ter\u00e1 prazer em atender \u00e0 sua solicita\u00e7\u00e3o, uma vez verificada a sua identidade. Tenha em mente que o tempo t\u00e9cnico necess\u00e1rio para processar um pedido de retifica\u00e7\u00e3o ou cancelamento pode levar at\u00e9 30 dias corridos.<\/p>\n<\/p>\n<h2>Perguntas?<\/h2>\n<\/p>\n<p>Acreditamos que a seguinte pol\u00edtica de privacidade o informa adequadamente sobre como lidamos com os dados sens\u00edveis de nossos clientes. Se voc\u00ea tiver outras d\u00favidas espec\u00edficas relacionadas \u00e0 privacidade, entre em contato conosco pelo correio, no endere\u00e7o fornecido na se\u00e7\u00e3o &#8220;Contato&#8221; deste site.<\/p><\/p>\n\t\t\t\t\t\t\t\t<\/div>\n\t\t\t\t<\/div>\n\t\t\t\t\t<\/div>\n\t\t<\/div>\n\t\t\t\t\t<\/div>\n\t\t<\/section>\n\t\t\t\t<\/div>\n\t\t","protected":false},"excerpt":{"rendered":"<p>Pol\u00edtica de Privacidade \u00daltima revis\u00e3o: 20 de junho de 2024InformaTEC se preocupa genuinamente com a privacidade do usu\u00e1rio. Portanto, s\u00f3 coletamos e utilizamos dados pessoais para responder \u00e0s solicita\u00e7\u00f5es de nossos visitantes em total conformidade com a Lei Europ\u00e9ia de Prote\u00e7\u00e3o de Dados, conhecida como &#8220;RGPD&#8221;. Que dados sens\u00edveis coletamos Atrav\u00e9s do formul\u00e1rio de contacto [&hellip;]<\/p>\n","protected":false},"author":2,"featured_media":0,"parent":0,"menu_order":0,"comment_status":"closed","ping_status":"closed","template":"","meta":{"site-sidebar-layout":"default","site-content-layout":"default","ast-site-content-layout":"default","site-content-style":"default","site-sidebar-style":"default","ast-global-header-display":"","ast-banner-title-visibility":"","ast-main-header-display":"","ast-hfb-above-header-display":"","ast-hfb-below-header-display":"","ast-hfb-mobile-header-display":"","site-post-title":"","ast-breadcrumbs-content":"","ast-featured-img":"","footer-sml-layout":"","theme-transparent-header-meta":"default","adv-header-id-meta":"","stick-header-meta":"","header-above-stick-meta":"","header-main-stick-meta":"","header-below-stick-meta":"","astra-migrate-meta-layouts":"default","ast-page-background-enabled":"default","ast-page-background-meta":{"desktop":{"background-color":"","background-image":"","background-repeat":"repeat","background-position":"center center","background-size":"auto","background-attachment":"scroll","background-type":"","background-media":"","overlay-type":"","overlay-color":"","overlay-opacity":"","overlay-gradient":""},"tablet":{"background-color":"","background-image":"","background-repeat":"repeat","background-position":"center center","background-size":"auto","background-attachment":"scroll","background-type":"","background-media":"","overlay-type":"","overlay-color":"","overlay-opacity":"","overlay-gradient":""},"mobile":{"background-color":"","background-image":"","background-repeat":"repeat","background-position":"center center","background-size":"auto","background-attachment":"scroll","background-type":"","background-media":"","overlay-type":"","overlay-color":"","overlay-opacity":"","overlay-gradient":""}},"ast-content-background-meta":{"desktop":{"background-color":"var(--ast-global-color-4)","background-image":"","background-repeat":"repeat","background-position":"center center","background-size":"auto","background-attachment":"scroll","background-type":"","background-media":"","overlay-type":"","overlay-color":"","overlay-opacity":"","overlay-gradient":""},"tablet":{"background-color":"var(--ast-global-color-4)","background-image":"","background-repeat":"repeat","background-position":"center center","background-size":"auto","background-attachment":"scroll","background-type":"","background-media":"","overlay-type":"","overlay-color":"","overlay-opacity":"","overlay-gradient":""},"mobile":{"background-color":"var(--ast-global-color-4)","background-image":"","background-repeat":"repeat","background-position":"center center","background-size":"auto","background-attachment":"scroll","background-type":"","background-media":"","overlay-type":"","overlay-color":"","overlay-opacity":"","overlay-gradient":""}},"footnotes":""},"class_list":["post-2889","page","type-page","status-publish","hentry"],"yoast_head":"<!-- This site is optimized with the Yoast SEO plugin v26.0 - https:\/\/yoast.com\/wordpress\/plugins\/seo\/ -->\n<title>Pol\u00edtica de Privacidade - InformaTEC<\/title>\n<meta name=\"description\" content=\"InformaTEC se preocupa com sua privacidade, e se compromete a respeitar a confidencialidade de seus dados sens\u00edveis em cada etapa do processo de trabalho.\" \/>\n<meta name=\"robots\" content=\"index, follow, max-snippet:-1, max-image-preview:large, max-video-preview:-1\" \/>\n<link rel=\"canonical\" href=\"https:\/\/www.informatec.es\/pt-br\/politica-de-privacidade\/\" \/>\n<meta property=\"og:locale\" content=\"pt_BR\" \/>\n<meta property=\"og:type\" content=\"article\" \/>\n<meta property=\"og:title\" content=\"Pol\u00edtica de Privacidade - InformaTEC\" \/>\n<meta property=\"og:description\" content=\"InformaTEC se preocupa com sua privacidade, e se compromete a respeitar a confidencialidade de seus dados sens\u00edveis em cada etapa do processo de trabalho.\" \/>\n<meta property=\"og:url\" content=\"https:\/\/www.informatec.es\/pt-br\/politica-de-privacidade\/\" \/>\n<meta property=\"og:site_name\" content=\"InformaTEC\" \/>\n<meta property=\"article:publisher\" content=\"https:\/\/www.facebook.com\/Informatec-111143611402381\" \/>\n<meta property=\"article:modified_time\" content=\"2024-06-25T15:48:45+00:00\" \/>\n<meta property=\"og:image\" content=\"https:\/\/www.informatec.es\/wp-content\/uploads\/2024\/05\/informatec_1200_675.png\" \/>\n\t<meta property=\"og:image:width\" content=\"1200\" \/>\n\t<meta property=\"og:image:height\" content=\"675\" \/>\n\t<meta property=\"og:image:type\" content=\"image\/png\" \/>\n<meta name=\"twitter:card\" content=\"summary_large_image\" \/>\n<meta name=\"twitter:label1\" content=\"Est. tempo de leitura\" \/>\n\t<meta name=\"twitter:data1\" content=\"3 minutos\" \/>\n<script type=\"application\/ld+json\" class=\"yoast-schema-graph\">{\"@context\":\"https:\/\/schema.org\",\"@graph\":[{\"@type\":\"WebPage\",\"@id\":\"https:\/\/www.informatec.es\/pt-br\/politica-de-privacidade\/\",\"url\":\"https:\/\/www.informatec.es\/pt-br\/politica-de-privacidade\/\",\"name\":\"Pol\u00edtica de Privacidade - InformaTEC\",\"isPartOf\":{\"@id\":\"https:\/\/www.informatec.es\/pt-br\/#website\"},\"datePublished\":\"2022-09-22T20:15:15+00:00\",\"dateModified\":\"2024-06-25T15:48:45+00:00\",\"description\":\"InformaTEC se preocupa com sua privacidade, e se compromete a respeitar a confidencialidade de seus dados sens\u00edveis em cada etapa do processo de trabalho.\",\"breadcrumb\":{\"@id\":\"https:\/\/www.informatec.es\/pt-br\/politica-de-privacidade\/#breadcrumb\"},\"inLanguage\":\"pt-BR\",\"potentialAction\":[{\"@type\":\"ReadAction\",\"target\":[\"https:\/\/www.informatec.es\/pt-br\/politica-de-privacidade\/\"]}]},{\"@type\":\"BreadcrumbList\",\"@id\":\"https:\/\/www.informatec.es\/pt-br\/politica-de-privacidade\/#breadcrumb\",\"itemListElement\":[{\"@type\":\"ListItem\",\"position\":1,\"name\":\"Home\",\"item\":\"https:\/\/www.informatec.es\/pt-br\/informatec\/\"},{\"@type\":\"ListItem\",\"position\":2,\"name\":\"Pol\u00edtica de Privacidade\"}]},{\"@type\":\"WebSite\",\"@id\":\"https:\/\/www.informatec.es\/pt-br\/#website\",\"url\":\"https:\/\/www.informatec.es\/pt-br\/\",\"name\":\"Informatec Tenerife\",\"description\":\"Vive el futuro como protagonista\",\"publisher\":{\"@id\":\"https:\/\/www.informatec.es\/pt-br\/#organization\"},\"potentialAction\":[{\"@type\":\"SearchAction\",\"target\":{\"@type\":\"EntryPoint\",\"urlTemplate\":\"https:\/\/www.informatec.es\/pt-br\/?s={search_term_string}\"},\"query-input\":{\"@type\":\"PropertyValueSpecification\",\"valueRequired\":true,\"valueName\":\"search_term_string\"}}],\"inLanguage\":\"pt-BR\"},{\"@type\":\"Organization\",\"@id\":\"https:\/\/www.informatec.es\/pt-br\/#organization\",\"name\":\"InformaTEC\",\"alternateName\":\"InformaTEC Tenerife\",\"url\":\"https:\/\/www.informatec.es\/pt-br\/\",\"logo\":{\"@type\":\"ImageObject\",\"inLanguage\":\"pt-BR\",\"@id\":\"https:\/\/www.informatec.es\/pt-br\/#\/schema\/logo\/image\/\",\"url\":\"https:\/\/www.informatec.es\/wp-content\/uploads\/2024\/05\/informatec_696_696.png\",\"contentUrl\":\"https:\/\/www.informatec.es\/wp-content\/uploads\/2024\/05\/informatec_696_696.png\",\"width\":696,\"height\":696,\"caption\":\"InformaTEC\"},\"image\":{\"@id\":\"https:\/\/www.informatec.es\/pt-br\/#\/schema\/logo\/image\/\"},\"sameAs\":[\"https:\/\/www.facebook.com\/Informatec-111143611402381\",\"https:\/\/www.instagram.com\/informatec.tenerife\",\"https:\/\/www.youtube.com\/channel\/UCpBgK5nvxzVt4ROzRXf176g\"]}]}<\/script>\n<!-- \/ Yoast SEO plugin. -->","yoast_head_json":{"title":"Pol\u00edtica de Privacidade - InformaTEC","description":"InformaTEC se preocupa com sua privacidade, e se compromete a respeitar a confidencialidade de seus dados sens\u00edveis em cada etapa do processo de trabalho.","robots":{"index":"index","follow":"follow","max-snippet":"max-snippet:-1","max-image-preview":"max-image-preview:large","max-video-preview":"max-video-preview:-1"},"canonical":"https:\/\/www.informatec.es\/pt-br\/politica-de-privacidade\/","og_locale":"pt_BR","og_type":"article","og_title":"Pol\u00edtica de Privacidade - InformaTEC","og_description":"InformaTEC se preocupa com sua privacidade, e se compromete a respeitar a confidencialidade de seus dados sens\u00edveis em cada etapa do processo de trabalho.","og_url":"https:\/\/www.informatec.es\/pt-br\/politica-de-privacidade\/","og_site_name":"InformaTEC","article_publisher":"https:\/\/www.facebook.com\/Informatec-111143611402381","article_modified_time":"2024-06-25T15:48:45+00:00","og_image":[{"width":1200,"height":675,"url":"https:\/\/www.informatec.es\/wp-content\/uploads\/2024\/05\/informatec_1200_675.png","type":"image\/png"}],"twitter_card":"summary_large_image","twitter_misc":{"Est. tempo de leitura":"3 minutos"},"schema":{"@context":"https:\/\/schema.org","@graph":[{"@type":"WebPage","@id":"https:\/\/www.informatec.es\/pt-br\/politica-de-privacidade\/","url":"https:\/\/www.informatec.es\/pt-br\/politica-de-privacidade\/","name":"Pol\u00edtica de Privacidade - InformaTEC","isPartOf":{"@id":"https:\/\/www.informatec.es\/pt-br\/#website"},"datePublished":"2022-09-22T20:15:15+00:00","dateModified":"2024-06-25T15:48:45+00:00","description":"InformaTEC se preocupa com sua privacidade, e se compromete a respeitar a confidencialidade de seus dados sens\u00edveis em cada etapa do processo de trabalho.","breadcrumb":{"@id":"https:\/\/www.informatec.es\/pt-br\/politica-de-privacidade\/#breadcrumb"},"inLanguage":"pt-BR","potentialAction":[{"@type":"ReadAction","target":["https:\/\/www.informatec.es\/pt-br\/politica-de-privacidade\/"]}]},{"@type":"BreadcrumbList","@id":"https:\/\/www.informatec.es\/pt-br\/politica-de-privacidade\/#breadcrumb","itemListElement":[{"@type":"ListItem","position":1,"name":"Home","item":"https:\/\/www.informatec.es\/pt-br\/informatec\/"},{"@type":"ListItem","position":2,"name":"Pol\u00edtica de Privacidade"}]},{"@type":"WebSite","@id":"https:\/\/www.informatec.es\/pt-br\/#website","url":"https:\/\/www.informatec.es\/pt-br\/","name":"Informatec Tenerife","description":"Vive el futuro como protagonista","publisher":{"@id":"https:\/\/www.informatec.es\/pt-br\/#organization"},"potentialAction":[{"@type":"SearchAction","target":{"@type":"EntryPoint","urlTemplate":"https:\/\/www.informatec.es\/pt-br\/?s={search_term_string}"},"query-input":{"@type":"PropertyValueSpecification","valueRequired":true,"valueName":"search_term_string"}}],"inLanguage":"pt-BR"},{"@type":"Organization","@id":"https:\/\/www.informatec.es\/pt-br\/#organization","name":"InformaTEC","alternateName":"InformaTEC Tenerife","url":"https:\/\/www.informatec.es\/pt-br\/","logo":{"@type":"ImageObject","inLanguage":"pt-BR","@id":"https:\/\/www.informatec.es\/pt-br\/#\/schema\/logo\/image\/","url":"https:\/\/www.informatec.es\/wp-content\/uploads\/2024\/05\/informatec_696_696.png","contentUrl":"https:\/\/www.informatec.es\/wp-content\/uploads\/2024\/05\/informatec_696_696.png","width":696,"height":696,"caption":"InformaTEC"},"image":{"@id":"https:\/\/www.informatec.es\/pt-br\/#\/schema\/logo\/image\/"},"sameAs":["https:\/\/www.facebook.com\/Informatec-111143611402381","https:\/\/www.instagram.com\/informatec.tenerife","https:\/\/www.youtube.com\/channel\/UCpBgK5nvxzVt4ROzRXf176g"]}]}},"_links":{"self":[{"href":"https:\/\/www.informatec.es\/pt-br\/wp-json\/wp\/v2\/pages\/2889","targetHints":{"allow":["GET"]}}],"collection":[{"href":"https:\/\/www.informatec.es\/pt-br\/wp-json\/wp\/v2\/pages"}],"about":[{"href":"https:\/\/www.informatec.es\/pt-br\/wp-json\/wp\/v2\/types\/page"}],"author":[{"embeddable":true,"href":"https:\/\/www.informatec.es\/pt-br\/wp-json\/wp\/v2\/users\/2"}],"replies":[{"embeddable":true,"href":"https:\/\/www.informatec.es\/pt-br\/wp-json\/wp\/v2\/comments?post=2889"}],"version-history":[{"count":2,"href":"https:\/\/www.informatec.es\/pt-br\/wp-json\/wp\/v2\/pages\/2889\/revisions"}],"predecessor-version":[{"id":4231,"href":"https:\/\/www.informatec.es\/pt-br\/wp-json\/wp\/v2\/pages\/2889\/revisions\/4231"}],"wp:attachment":[{"href":"https:\/\/www.informatec.es\/pt-br\/wp-json\/wp\/v2\/media?parent=2889"}],"curies":[{"name":"wp","href":"https:\/\/api.w.org\/{rel}","templated":true}]}}